{"id":49870,"date":"2026-01-20T11:49:44","date_gmt":"2026-01-20T10:49:44","guid":{"rendered":"https:\/\/nockultury.pl\/a-good-nights-flight\/"},"modified":"2026-02-23T11:14:30","modified_gmt":"2026-02-23T10:14:30","slug":"a-good-nights-flight","status":"publish","type":"page","link":"https:\/\/nockultury.pl\/en\/a-good-nights-flight\/","title":{"rendered":"A Good Night\u2019s Flight"},"content":{"rendered":"<div class=\"fusion-fullwidth fullwidth-box fusion-builder-row-1 fusion-flex-container has-pattern-background has-mask-background nonhundred-percent-fullwidth non-hundred-percent-height-scrolling\" style=\"--awb-border-radius-top-left:0px;--awb-border-radius-top-right:0px;--awb-border-radius-bottom-right:0px;--awb-border-radius-bottom-left:0px;--awb-padding-right:4%;--awb-padding-left:4%;--awb-margin-top:13%;--awb-margin-bottom:1%;--awb-background-color:rgba(255,255,255,0);--awb-flex-wrap:wrap;\" ><div class=\"fusion-builder-row fusion-row fusion-flex-align-items-flex-start fusion-flex-content-wrap\" style=\"max-width:1996.8px;margin-left: calc(-4% \/ 2 );margin-right: calc(-4% \/ 2 );\"><div class=\"fusion-layout-column fusion_builder_column fusion-builder-column-0 fusion_builder_column_1_2 1_2 fusion-flex-column\" style=\"--awb-padding-right:62px;--awb-padding-bottom:5%;--awb-padding-left:87px;--awb-overflow:hidden;--awb-bg-color:rgba(0,0,0,0.83);--awb-bg-color-hover:rgba(0,0,0,0.83);--awb-bg-size:cover;--awb-box-shadow:2px 2px 10px 0px rgba(0,0,0,0.88);;--awb-border-radius:10px 10px 10px 10px;--awb-width-large:50%;--awb-margin-top-large:0px;--awb-spacing-right-large:3.84%;--awb-margin-bottom-large:0px;--awb-spacing-left-large:0%;--awb-width-medium:50%;--awb-spacing-right-medium:3.84%;--awb-spacing-left-medium:0%;--awb-width-small:100%;--awb-spacing-right-small:1.92%;--awb-margin-bottom-small:3%;--awb-spacing-left-small:1.92%;\"><div class=\"fusion-column-wrapper fusion-column-has-shadow fusion-flex-justify-content-flex-start fusion-content-layout-block\"><div class=\"fusion-title title fusion-title-1 fusion-sep-none fusion-title-text fusion-title-size-one\"><h1 class=\"fusion-title-heading title-heading-left fusion-responsive-typography-calculated\" style=\"margin:0;--fontSize:36.4;line-height:1,46;\">Night of Culture 2026: A Good Night\u2019s Flight<\/h1><\/div><div class=\"fusion-text fusion-text-1\"><p data-path-to-node=\"7\">We often say &#8220;good night&#8221; as a signal for rest\u2014the end of the daily trek, a time to kick off our shoes and close our eyes. On June 6th, we want to wish you <b data-path-to-node=\"7\" data-index-in-node=\"156\">A Good Night<\/b> in a completely different way. Defying the usual routine, we\u2019re encouraging you to lace up your most comfortable shoes and set off on a magical journey through the streets and secret corners of Lublin.<\/p>\n<\/p>\n<p data-path-to-node=\"8\">This year, we are turning our gaze toward the sky to explore a new theme: <b data-path-to-node=\"8\" data-index-in-node=\"74\">The Birds of the Night.<\/b><\/p>\n<\/p>\n<p data-path-to-node=\"9\">Nocturnal birds are omnipresent\u2014found in the Polish ecosystem and deeply rooted in the mythology and folklore of countless cultures. Their presence can signal many things, and their symbolism is as vast and inclusive as the Night of Culture itself. Sometimes they are simply breathtaking; sometimes they are harbingers of change; often, they are shrouded in mystery. A bird\u2019s ability to fly is a universal symbol of boundless potential, and for those that thrive in the dark, the stillness of the night allows their calls to echo across vast distances.<\/p>\n<\/p>\n<p data-path-to-node=\"10\">Warm summer nights are when the most beautiful avian concerts happen. This surge of nocturnal activity is an essential part of the magic of forests and meadows, but also our cities. We hope the world of night birds will inspire our artists and creators, and for our audience, serve as the perfect companion for an urban wander in search of the unexpected.<\/p>\n<\/p>\n<p data-path-to-node=\"11\">For the twentieth time, we invite you to our endemic <i data-path-to-node=\"11\" data-index-in-node=\"53\">spacerum profanum<\/i> through the Lublin Old Town.<\/p>\n<\/p>\n<p data-path-to-node=\"12\">It\u2019s going to be a good night.<\/p>\n<\/div><\/div><\/div><div class=\"fusion-layout-column fusion_builder_column fusion-builder-column-1 fusion_builder_column_1_2 1_2 fusion-flex-column\" style=\"--awb-padding-bottom:2%;--awb-overflow:hidden;--awb-bg-color:rgba(0,0,0,0.83);--awb-bg-color-hover:rgba(0,0,0,0.83);--awb-bg-size:cover;--awb-box-shadow:2px 2px 6px 1px rgba(0,0,0,0.36);;--awb-border-radius:10px 10px 10px 10px;--awb-width-large:50%;--awb-margin-top-large:0px;--awb-spacing-right-large:0.576%;--awb-margin-bottom-large:0px;--awb-spacing-left-large:2.56%;--awb-width-medium:50%;--awb-spacing-right-medium:0.576%;--awb-spacing-left-medium:2.56%;--awb-width-small:100%;--awb-spacing-right-small:1.92%;--awb-margin-bottom-small:3%;--awb-spacing-left-small:1.92%;\"><div class=\"fusion-column-wrapper fusion-column-has-shadow fusion-flex-justify-content-flex-start fusion-content-layout-block\"><div class=\"fusion-image-element in-legacy-container\" style=\"--awb-caption-title-font-family:var(--h2_typography-font-family);--awb-caption-title-font-weight:var(--h2_typography-font-weight);--awb-caption-title-font-style:var(--h2_typography-font-style);--awb-caption-title-size:var(--h2_typography-font-size);--awb-caption-title-transform:var(--h2_typography-text-transform);--awb-caption-title-line-height:var(--h2_typography-line-height);--awb-caption-title-letter-spacing:var(--h2_typography-letter-spacing);\"><span class=\" fusion-imageframe imageframe-none imageframe-1 hover-type-none\"><img decoding=\"async\" width=\"1080\" height=\"1350\" alt=\"Zdj\u0119cie instalacji artystycznej. Ludzie robi\u0105 jej zdj\u0119cia. Napis: Zg\u0142o\u015b sw\u00f3j projekt. Noc Kultury.\" title=\"Static\" src=\"https:\/\/nockultury.pl\/wp-content\/uploads\/2026\/01\/Static.webp\" data-orig-src=\"https:\/\/nockultury.pl\/wp-content\/uploads\/2026\/01\/Static.webp\" class=\"lazyload img-responsive wp-image-49821\" srcset=\"data:image\/svg+xml,%3Csvg%20xmlns%3D%27http%3A%2F%2Fwww.w3.org%2F2000%2Fsvg%27%20width%3D%271080%27%20height%3D%271350%27%20viewBox%3D%270%200%201080%201350%27%3E%3Crect%20width%3D%271080%27%20height%3D%271350%27%20fill-opacity%3D%220%22%2F%3E%3C%2Fsvg%3E\" data-srcset=\"https:\/\/nockultury.pl\/wp-content\/uploads\/2026\/01\/Static-200x250.webp 200w, https:\/\/nockultury.pl\/wp-content\/uploads\/2026\/01\/Static-240x300.webp 240w, https:\/\/nockultury.pl\/wp-content\/uploads\/2026\/01\/Static-400x500.webp 400w, https:\/\/nockultury.pl\/wp-content\/uploads\/2026\/01\/Static-600x750.webp 600w, https:\/\/nockultury.pl\/wp-content\/uploads\/2026\/01\/Static-768x960.webp 768w, https:\/\/nockultury.pl\/wp-content\/uploads\/2026\/01\/Static-800x1000.webp 800w, https:\/\/nockultury.pl\/wp-content\/uploads\/2026\/01\/Static-819x1024.webp 819w, https:\/\/nockultury.pl\/wp-content\/uploads\/2026\/01\/Static.webp 1080w\" data-sizes=\"auto\" data-orig-sizes=\"(max-width: 640px) 100vw, 1080px\" \/><\/span><\/div><\/div><\/div><\/div><\/div>\n","protected":false},"excerpt":{"rendered":"","protected":false},"author":8,"featured_media":0,"parent":0,"menu_order":0,"comment_status":"closed","ping_status":"closed","template":"","meta":{"_acf_changed":false,"ngg_post_thumbnail":0,"footnotes":""},"class_list":["post-49870","page","type-page","status-publish","hentry"],"acf":[],"yoast_head":"<!-- This site is optimized with the Yoast SEO plugin v26.1.1 - https:\/\/yoast.com\/wordpress\/plugins\/seo\/ -->\n<title>Night of Culture 2026: A Good Night\u2019s Flight<\/title>\n<meta name=\"description\" content=\"This year, we are turning our gaze toward the sky to explore a new theme: The Birds of the Night\" \/>\n<meta name=\"robots\" content=\"index, follow, max-snippet:-1, max-image-preview:large, max-video-preview:-1\" \/>\n<link rel=\"canonical\" href=\"https:\/\/nockultury.pl\/en\/a-good-nights-flight\/\" \/>\n<meta property=\"og:locale\" content=\"en_US\" \/>\n<meta property=\"og:type\" content=\"article\" \/>\n<meta property=\"og:title\" content=\"Night of Culture 2026: A Good Night\u2019s Flight\" \/>\n<meta property=\"og:description\" content=\"This year, we are turning our gaze toward the sky to explore a new theme: The Birds of the Night\" \/>\n<meta property=\"og:url\" content=\"https:\/\/nockultury.pl\/en\/a-good-nights-flight\/\" \/>\n<meta property=\"og:site_name\" content=\"Noc Kultury\" \/>\n<meta property=\"article:publisher\" content=\"https:\/\/www.facebook.com\/NocKultury\/\" \/>\n<meta property=\"article:modified_time\" content=\"2026-02-23T10:14:30+00:00\" \/>\n<meta property=\"og:image\" content=\"https:\/\/nockultury.pl\/wp-content\/uploads\/2025\/04\/jest_program_hd.webp\" \/>\n\t<meta property=\"og:image:width\" content=\"1920\" \/>\n\t<meta property=\"og:image:height\" content=\"1080\" \/>\n\t<meta property=\"og:image:type\" content=\"image\/webp\" \/>\n<meta name=\"twitter:card\" content=\"summary_large_image\" \/>\n<meta name=\"twitter:label1\" content=\"Est. reading time\" \/>\n\t<meta name=\"twitter:data1\" content=\"9 minutes\" \/>\n<script type=\"application\/ld+json\" class=\"yoast-schema-graph\">{\"@context\":\"https:\/\/schema.org\",\"@graph\":[{\"@type\":\"WebPage\",\"@id\":\"https:\/\/nockultury.pl\/en\/a-good-nights-flight\/\",\"url\":\"https:\/\/nockultury.pl\/en\/a-good-nights-flight\/\",\"name\":\"Night of Culture 2026: A Good Night\u2019s Flight\",\"isPartOf\":{\"@id\":\"https:\/\/nockultury.pl\/en\/#website\"},\"datePublished\":\"2026-01-20T10:49:44+00:00\",\"dateModified\":\"2026-02-23T10:14:30+00:00\",\"description\":\"This year, we are turning our gaze toward the sky to explore a new theme: The Birds of the Night\",\"breadcrumb\":{\"@id\":\"https:\/\/nockultury.pl\/en\/a-good-nights-flight\/#breadcrumb\"},\"inLanguage\":\"en-US\",\"potentialAction\":[{\"@type\":\"ReadAction\",\"target\":[\"https:\/\/nockultury.pl\/en\/a-good-nights-flight\/\"]}]},{\"@type\":\"BreadcrumbList\",\"@id\":\"https:\/\/nockultury.pl\/en\/a-good-nights-flight\/#breadcrumb\",\"itemListElement\":[{\"@type\":\"ListItem\",\"position\":1,\"name\":\"Strona g\u0142\u00f3wna\",\"item\":\"https:\/\/nockultury.pl\/en\/\"},{\"@type\":\"ListItem\",\"position\":2,\"name\":\"A Good Night\u2019s Flight\"}]},{\"@type\":\"WebSite\",\"@id\":\"https:\/\/nockultury.pl\/en\/#website\",\"url\":\"https:\/\/nockultury.pl\/en\/\",\"name\":\"Noc Kultury\",\"description\":\"Lublin, Stare Miasto | wst\u0119p wolny\",\"publisher\":{\"@id\":\"https:\/\/nockultury.pl\/en\/#organization\"},\"potentialAction\":[{\"@type\":\"SearchAction\",\"target\":{\"@type\":\"EntryPoint\",\"urlTemplate\":\"https:\/\/nockultury.pl\/en\/?s={search_term_string}\"},\"query-input\":{\"@type\":\"PropertyValueSpecification\",\"valueRequired\":true,\"valueName\":\"search_term_string\"}}],\"inLanguage\":\"en-US\"},{\"@type\":\"Organization\",\"@id\":\"https:\/\/nockultury.pl\/en\/#organization\",\"name\":\"Warsztaty Kultury w Lublinie\",\"url\":\"https:\/\/nockultury.pl\/en\/\",\"logo\":{\"@type\":\"ImageObject\",\"inLanguage\":\"en-US\",\"@id\":\"https:\/\/nockultury.pl\/en\/#\/schema\/logo\/image\/\",\"url\":\"https:\/\/nockultury.pl\/wp-content\/uploads\/2020\/03\/NOC-KULTURY-LOGO-170.jpg\",\"contentUrl\":\"https:\/\/nockultury.pl\/wp-content\/uploads\/2020\/03\/NOC-KULTURY-LOGO-170.jpg\",\"width\":170,\"height\":79,\"caption\":\"Warsztaty Kultury w Lublinie\"},\"image\":{\"@id\":\"https:\/\/nockultury.pl\/en\/#\/schema\/logo\/image\/\"},\"sameAs\":[\"https:\/\/www.facebook.com\/NocKultury\/\",\"https:\/\/www.instagram.com\/nockultury\/\",\"https:\/\/www.youtube.com\/@videonockultury\"]}]}<\/script>\n<!-- \/ Yoast SEO plugin. -->","yoast_head_json":{"title":"Night of Culture 2026: A Good Night\u2019s Flight","description":"This year, we are turning our gaze toward the sky to explore a new theme: The Birds of the Night","robots":{"index":"index","follow":"follow","max-snippet":"max-snippet:-1","max-image-preview":"max-image-preview:large","max-video-preview":"max-video-preview:-1"},"canonical":"https:\/\/nockultury.pl\/en\/a-good-nights-flight\/","og_locale":"en_US","og_type":"article","og_title":"Night of Culture 2026: A Good Night\u2019s Flight","og_description":"This year, we are turning our gaze toward the sky to explore a new theme: The Birds of the Night","og_url":"https:\/\/nockultury.pl\/en\/a-good-nights-flight\/","og_site_name":"Noc Kultury","article_publisher":"https:\/\/www.facebook.com\/NocKultury\/","article_modified_time":"2026-02-23T10:14:30+00:00","og_image":[{"width":1920,"height":1080,"url":"https:\/\/nockultury.pl\/wp-content\/uploads\/2025\/04\/jest_program_hd.webp","type":"image\/webp"}],"twitter_card":"summary_large_image","twitter_misc":{"Est. reading time":"9 minutes"},"schema":{"@context":"https:\/\/schema.org","@graph":[{"@type":"WebPage","@id":"https:\/\/nockultury.pl\/en\/a-good-nights-flight\/","url":"https:\/\/nockultury.pl\/en\/a-good-nights-flight\/","name":"Night of Culture 2026: A Good Night\u2019s Flight","isPartOf":{"@id":"https:\/\/nockultury.pl\/en\/#website"},"datePublished":"2026-01-20T10:49:44+00:00","dateModified":"2026-02-23T10:14:30+00:00","description":"This year, we are turning our gaze toward the sky to explore a new theme: The Birds of the Night","breadcrumb":{"@id":"https:\/\/nockultury.pl\/en\/a-good-nights-flight\/#breadcrumb"},"inLanguage":"en-US","potentialAction":[{"@type":"ReadAction","target":["https:\/\/nockultury.pl\/en\/a-good-nights-flight\/"]}]},{"@type":"BreadcrumbList","@id":"https:\/\/nockultury.pl\/en\/a-good-nights-flight\/#breadcrumb","itemListElement":[{"@type":"ListItem","position":1,"name":"Strona g\u0142\u00f3wna","item":"https:\/\/nockultury.pl\/en\/"},{"@type":"ListItem","position":2,"name":"A Good Night\u2019s Flight"}]},{"@type":"WebSite","@id":"https:\/\/nockultury.pl\/en\/#website","url":"https:\/\/nockultury.pl\/en\/","name":"Noc Kultury","description":"Lublin, Stare Miasto | wst\u0119p wolny","publisher":{"@id":"https:\/\/nockultury.pl\/en\/#organization"},"potentialAction":[{"@type":"SearchAction","target":{"@type":"EntryPoint","urlTemplate":"https:\/\/nockultury.pl\/en\/?s={search_term_string}"},"query-input":{"@type":"PropertyValueSpecification","valueRequired":true,"valueName":"search_term_string"}}],"inLanguage":"en-US"},{"@type":"Organization","@id":"https:\/\/nockultury.pl\/en\/#organization","name":"Warsztaty Kultury w Lublinie","url":"https:\/\/nockultury.pl\/en\/","logo":{"@type":"ImageObject","inLanguage":"en-US","@id":"https:\/\/nockultury.pl\/en\/#\/schema\/logo\/image\/","url":"https:\/\/nockultury.pl\/wp-content\/uploads\/2020\/03\/NOC-KULTURY-LOGO-170.jpg","contentUrl":"https:\/\/nockultury.pl\/wp-content\/uploads\/2020\/03\/NOC-KULTURY-LOGO-170.jpg","width":170,"height":79,"caption":"Warsztaty Kultury w Lublinie"},"image":{"@id":"https:\/\/nockultury.pl\/en\/#\/schema\/logo\/image\/"},"sameAs":["https:\/\/www.facebook.com\/NocKultury\/","https:\/\/www.instagram.com\/nockultury\/","https:\/\/www.youtube.com\/@videonockultury"]}]}},"_links":{"self":[{"href":"https:\/\/nockultury.pl\/en\/wp-json\/wp\/v2\/pages\/49870","targetHints":{"allow":["GET"]}}],"collection":[{"href":"https:\/\/nockultury.pl\/en\/wp-json\/wp\/v2\/pages"}],"about":[{"href":"https:\/\/nockultury.pl\/en\/wp-json\/wp\/v2\/types\/page"}],"author":[{"embeddable":true,"href":"https:\/\/nockultury.pl\/en\/wp-json\/wp\/v2\/users\/8"}],"replies":[{"embeddable":true,"href":"https:\/\/nockultury.pl\/en\/wp-json\/wp\/v2\/comments?post=49870"}],"version-history":[{"count":6,"href":"https:\/\/nockultury.pl\/en\/wp-json\/wp\/v2\/pages\/49870\/revisions"}],"predecessor-version":[{"id":49961,"href":"https:\/\/nockultury.pl\/en\/wp-json\/wp\/v2\/pages\/49870\/revisions\/49961"}],"wp:attachment":[{"href":"https:\/\/nockultury.pl\/en\/wp-json\/wp\/v2\/media?parent=49870"}],"curies":[{"name":"wp","href":"https:\/\/api.w.org\/{rel}","templated":true}]}}