{"id":43035,"date":"2023-03-31T09:28:17","date_gmt":"2023-03-31T07:28:17","guid":{"rendered":"https:\/\/nockultury.pl\/?page_id=43035"},"modified":"2026-03-30T23:43:15","modified_gmt":"2026-03-30T21:43:15","slug":"dostepnosc","status":"publish","type":"page","link":"https:\/\/nockultury.pl\/pl\/dostepnosc\/","title":{"rendered":"Deklaracja dost\u0119pno\u015bci"},"content":{"rendered":"<div class=\"fusion-fullwidth fullwidth-box fusion-builder-row-1 fusion-flex-container has-pattern-background has-mask-background roundNK nonhundred-percent-fullwidth non-hundred-percent-height-scrolling\" style=\"--awb-border-radius-top-left:0px;--awb-border-radius-top-right:0px;--awb-border-radius-bottom-right:0px;--awb-border-radius-bottom-left:0px;--awb-padding-top:0%;--awb-margin-top:13%;--awb-margin-top-medium:20%;--awb-margin-top-small:50%;--awb-background-color:rgba(0,0,0,0.99);--awb-flex-wrap:wrap;--awb-box-shadow:2px 2px 10px 2px rgba(0,0,0,0.91);\" ><div class=\"fusion-builder-row fusion-row fusion-flex-align-items-flex-start fusion-flex-content-wrap\" style=\"max-width:1996.8px;margin-left: calc(-4% \/ 2 );margin-right: calc(-4% \/ 2 );\"><div class=\"fusion-layout-column fusion_builder_column fusion-builder-column-0 fusion_builder_column_1_1 1_1 fusion-flex-column\" style=\"--awb-padding-top:3%;--awb-padding-left:4%;--awb-bg-color:rgba(0,0,0,0.74);--awb-bg-color-hover:rgba(0,0,0,0.74);--awb-bg-size:cover;--awb-width-large:100%;--awb-margin-top-large:0px;--awb-spacing-right-large:1.92%;--awb-margin-bottom-large:0px;--awb-spacing-left-large:1.92%;--awb-width-medium:100%;--awb-spacing-right-medium:1.92%;--awb-spacing-left-medium:1.92%;--awb-width-small:100%;--awb-spacing-right-small:1.92%;--awb-spacing-left-small:1.92%;\"><div class=\"fusion-column-wrapper fusion-column-has-shadow fusion-flex-justify-content-flex-start fusion-content-layout-column\"><div class=\"fusion-text fusion-text-1\"><h1 id=\"\u201da11y-deklaracja\">Deklaracja Dost\u0119pno\u015bci<\/h1>\n<\/div><div class=\"fusion-text fusion-text-2\"><p>&nbsp;<\/p>\n<section id=\"a11y-wstep\"><span id=\"a11y-podmiot\">Warsztaty Kultury w Lublinie<\/span> zobowi\u0105zuj\u0105 si\u0119 zapewni\u0107 dost\u0119pno\u015b\u0107 swojej <span id=\"a11y-zakres\">strony internetowej<\/span> zgodnie z przepisami ustawy z dnia 4 kwietnia 2019 r. o dost\u0119pno\u015bci cyfrowej stron internetowych i aplikacji mobilnych podmiot\u00f3w publicznych. O\u015bwiadczenie w sprawie dost\u0119pno\u015bci ma zastosowanie do strony internetowej <a id=\"a11y-url\" role=\"link\" href=\"https:\/\/nockultury.pl\/\">nockultury.pl<\/a><\/section>\n<ul>\n<li>Data publikacji strony internetowej: <time id=\"a11y-data-publikacja\" datetime=\"2014-05-01\">01 maja 2014 roku.<\/time><\/li>\n<li>Data ostatniej istotnej aktualizacji: <time id=\"a11y-data-aktualizacja\" datetime=\"2025-10-18\">18 pa\u017adziernika 2025 roku.<\/time><\/li>\n<\/ul>\n<h2>Stan dost\u0119pno\u015bci cyfrowej<\/h2>\n<p id=\"a11y-status\">Ta strona internetowa jest cz\u0119\u015bciowo zgodna z za\u0142\u0105cznikiem do ustawy o dost\u0119pno\u015bci cyfrowej z dnia 4 kwietnia 2019 r. o dost\u0119pno\u015bci cyfrowej stron internetowych i aplikacji mobilnych podmiot\u00f3w publicznych z powodu [niezgodno\u015bci i wy\u0142\u0105cze\u0144] wymienionych poni\u017cej.<\/p>\n<h2>Niedost\u0119pne tre\u015bci<\/h2>\n<h3>Niezgodno\u015b\u0107 z za\u0142\u0105cznikiem<\/h3>\n<ul>\n<li>W cz\u0119\u015bci film\u00f3w nie ma napis\u00f3w dla os\u00f3b nies\u0142ysz\u0105cych i G\u0142uchych.<\/li>\n<li>Pojawi\u0105 si\u0119 b\u0142\u0119dy w semantyce html, kt\u00f3re nie wp\u0142ywaj\u0105 na dost\u0119pno\u015b\u0107 strony i poprawno\u015b\u0107 jej wy\u015bwietlenia w przegl\u0105darkach.<\/li>\n<\/ul>\n<h3>Tre\u015bci nieobj\u0119te przepisami<\/h3>\n<ul>\n<li>Pewne tre\u015bci (zdj\u0119cia, grafiki i filmy) opublikowane na stronie mog\u0105 by\u0107 niedost\u0119pne z uwagi na fakt, \u017ce zosta\u0142y opublikowane przed wej\u015bciem w \u017cycie ustawy o dost\u0119pno\u015bci cyfrowej. Je\u017celi potrzebujesz dost\u0119pu do nich, skontaktuj si\u0119 z nami i wska\u017c dok\u0142adnie, o kt\u00f3re z nich Ci chodzi i jak powinni\u015bmy je dostosowa\u0107.<\/li>\n<li>Dokumenty opublikowane przed 23 wrze\u015bnia 2018r. nie s\u0105 dost\u0119pne cyfrowo. Je\u015bli potrzebujesz, kt\u00f3rego\u015b z nich w formie dost\u0119pnej, skontaktuj si\u0119 z nami i wska\u017c, o kt\u00f3ry dokument chodzi.<\/li>\n<li>Mapy s\u0105 wy\u0142\u0105czone z obowi\u0105zku zapewniania dost\u0119pno\u015bci.<\/li>\n<\/ul>\n<h3>Przygotowanie deklaracji dost\u0119pno\u015bci i jej aktualizacja<\/h3>\n<ul>\n<li>Data sporz\u0105dzenia deklaracji: <time id=\"a11y-data-sporzadzenie\" datetime=\"2020-02-26\">26 lutego 2020 roku.<\/time><\/li>\n<li>Data ostatniego przegl\u0105du deklaracji: <time id=\"a11y-data-przeglad\" datetime=\"2026-03-30\">30 marca 2026 roku.<\/time><\/li>\n<\/ul>\n<p>Deklaracj\u0119 sporz\u0105dzili\u015bmy na podstawie samooceny.<\/p>\n<h2>Informacje zwrotne i dane kontaktowe<\/h2>\n<p>Wszystkie problemy z dost\u0119pno\u015bci\u0105 cyfrow\u0105 tej strony internetowej mo\u017cesz zg\u0142osi\u0107 do <span id=\"a11y-kontakt\">Marceliny Gzyl<\/span> \u2014 mejlowo <a id=\"a11y-email\" href=\"mailto:sekretariat@warsztatykultury.pl\">sekretariat@warsztatykultury.pl<\/a> lub telefonicznie <a id=\"a11y-telefon\" href=\"tel:+48815330818\">81 533 08 18<\/a>.<\/p>\n<p>Ka\u017cdy ma prawo wyst\u0105pi\u0107 z \u017c\u0105daniem zapewnienia dost\u0119pno\u015bci cyfrowej tej strony internetowej lub jej element\u00f3w.<\/p>\n<p>Zg\u0142aszaj\u0105c takie \u017c\u0105danie podaj:<\/p>\n<ul>\n<li>swoje imi\u0119 i nazwisko,<\/li>\n<li>swoje dane kontaktowe (np. numer telefonu, e-mail),<\/li>\n<li>dok\u0142adny adres strony internetowej, na kt\u00f3rej jest niedost\u0119pny cyfrowo element lub tre\u015b\u0107,<\/li>\n<li>opis na czym polega problem i jaki spos\u00f3b jego rozwi\u0105zania by\u0142by dla Ciebie najwygodniejszy.<\/li>\n<\/ul>\n<p>Na Twoje zg\u0142oszenie odpowiemy najszybciej jak to mo\u017cliwe, nie p\u00f3\u017aniej ni\u017c w ci\u0105gu 7 dni od jego otrzymania.<\/p>\n<p>Je\u017celi ten termin b\u0119dzie dla nas zbyt kr\u00f3tki poinformujemy Ci\u0119 o tym. W tej informacji podamy nowy termin, do kt\u00f3rego poprawimy zg\u0142oszone przez Ciebie b\u0142\u0119dy lub przygotujemy informacje w alternatywny spos\u00f3b. Ten nowy termin nie b\u0119dzie d\u0142u\u017cszy ni\u017c 2 miesi\u0105ce.<\/p>\n<p>Je\u017celi nie b\u0119dziemy w stanie zapewni\u0107 dost\u0119pno\u015bci cyfrowej strony internetowej lub tre\u015bci, wskazanej w Twoim \u017c\u0105daniu, zaproponujemy Ci dost\u0119p do nich w alternatywny spos\u00f3b.<\/p>\n<section id=\"a11y-procedura\">\n<h3>Obs\u0142uga wniosk\u00f3w i skarg zwi\u0105zanych z dost\u0119pno\u015bci\u0105<\/h3>\n<p>Je\u017celi w odpowiedzi na Tw\u00f3j wniosek o zapewnienie dost\u0119pno\u015bci cyfrowej, odm\u00f3wimy zapewnienia \u017c\u0105danej przez Ciebie dost\u0119pno\u015bci cyfrowej, a Ty nie zgadzasz si\u0119 z t\u0105 odmow\u0105, masz prawo z\u0142o\u017cy\u0107 skarg\u0119.<\/p>\n<p>Skarg\u0119 masz prawo z\u0142o\u017cy\u0107 tak\u017ce, je\u015bli nie zgadzasz si\u0119 na skorzystanie z alternatywnego sposobu dost\u0119pu, kt\u00f3ry zaproponowali\u015bmy Ci w odpowiedzi na Tw\u00f3j wniosek o zapewnienie dost\u0119pno\u015bci cyfrowej.<\/p>\n<p>Ewentualn\u0105 skarg\u0119 z\u0142\u00f3\u017c listownie lub mailem do kierownictwa naszego urz\u0119du:<\/p>\n<ul>\n<li>Grzegorz Rzepecki \u2014 Dyrektor Warsztat\u00f3w Kultury w Lublinie ,<\/li>\n<li>Adres: ul. Grodzka 7, 5a oraz 3, 20-112 Lublin,<\/li>\n<li>mejl: <a href=\"mailto:sekretariat@warsztatykultury.pl\">sekretariat@warsztatykultury.pl<\/a>.<\/li>\n<\/ul>\n<p><a href=\"https:\/\/www.gov.pl\/web\/gov\/zloz-wniosek-o-zapewnienie-dostepnosci-cyfrowej-strony-internetowej-lub-aplikacji-mobilnej\">Pomocne mog\u0105 by\u0107 informacje, kt\u00f3re mo\u017cna znale\u017a\u0107 na rz\u0105dowym portalu gov.pl<\/a>.<\/p>\n<p>Mo\u017cesz tak\u017ce poinformowa\u0107 o tej sytuacji <a href=\"https:\/\/bip.brpo.gov.pl\/\"> Rzecznika Praw Obywatelskich<\/a> i poprosi\u0107 o interwencj\u0119 w Twojej sprawie.<\/p>\n<\/section>\n<h2>Pozosta\u0142e informacje<\/h2>\n<section id=\"a11y-architektura\">\n<h3>Dost\u0119pno\u015b\u0107 architektoniczna<\/h3>\n<div id=\"mCSB_6_container\" class=\"mCSB_container\" dir=\"ltr\" style=\"position: relative; top: 0; left: 0;\">\n<p>Siedziba g\u0142\u00f3wna Warsztat\u00f3w Kultury w Lublinie znajduje si\u0119 na Starym Mie\u015bcie w kamienicy pod adresem Grodzka 5a oraz 7. Budynki ze wzgl\u0119du na zabytkowy charakter nie s\u0105 w pe\u0142ni dost\u0119pne dla os\u00f3b z niepe\u0142nosprawno\u015bciami (dwukondygnacyjna kamienica, w kt\u00f3rej brak jest windy i podjazd\u00f3w). Na naszej stronie mo\u017cna znale\u017a\u0107 opis dost\u0119pno\u015bci budynku z uwzgl\u0119dnieniem istotnych element\u00f3w komunikacyjnych. Ch\u0119tnie udzielimy wsparcia osobom, kt\u00f3re mimo barier zdecyduj\u0105 si\u0119 odwiedzi\u0107 Warsztaty Kultury. Nasz zesp\u00f3\u0142 zosta\u0142 przeszkolony z podstawowych zagadnie\u0144 zwi\u0105zanych ze wsparciem os\u00f3b z niepe\u0142nosprawno\u015bciami.<\/p>\n<p>Najbli\u017csze miejsca parkingowe dla os\u00f3b z niepe\u0142nosprawno\u015bci\u0105 znajduj\u0105 si\u0119 przy Archikatedrze Lubelskiej i s\u0105 zlokalizowane w odleg\u0142o\u015bci 300 metr\u00f3w od siedziby Warsztat\u00f3w Kultury. W celu uzyskania informacji o pozosta\u0142ych miejscach parkingowych w okolicy zapraszamy na stron\u0119 www.kopertywmiescie.pl. Ulice lubelskiego Starego Miasta s\u0105 pokryte nieszlifowan\u0105 kostk\u0105 granitow\u0105, dlatego pokonanie odcinka z parkingu mo\u017ce wymaga\u0107 asysty.<\/p>\n<p>Dojazd do Warsztat\u00f3w Kultury mo\u017ce by\u0107 realizowany komunikacj\u0105 Zarz\u0105du Transportu Miejskiego. Aktualne mo\u017cliwo\u015bci dojazdu mo\u017cesz sprawdzi\u0107 na stronie <a href=\"https:\/\/mpk.lublin.pl\/index.php\">MPK Lublin<\/a>. Najbli\u017csze przystanki to:<br \/>\nBRAMA KRAKOWSKA 01,<br \/>\nBRAMA KRAKOWSKA 03 \u2013 oba przystanki znajduj\u0105 si\u0119 przy ul. Lubartowskiej oko\u0142o 270 metr\u00f3w od Warsztat\u00f3w Kultury,<br \/>\nBRAMA KRAKOWSKA 02,<br \/>\nBRAMA KRAKOWSKA 04 &#8211; oba przystanki znajduj\u0105 si\u0119 przy ul. Kr\u00f3lewskiej oko\u0142o 350 metr\u00f3w od Warsztat\u00f3w Kultury,<br \/>\nMUZEUM NARODOWE -ZAMEK 01,<br \/>\nMUZEUM NARODOWE &#8211;&nbsp; ZAMEK 02 \u2013 oba przystanki znajduj\u0105 si\u0119 przy al. Tysi\u0105clecia w odleg\u0142o\u015bci oko\u0142o 400 \u2013 500 metr\u00f3w od Warsztat\u00f3w Kultury.<\/p>\n<p>Toaleta w kamienicy przy Grodzkiej 5a znajduje si\u0119 na II pi\u0119trze i jest toalet\u0105 z udogodnieniami (drzwi o szeroko\u015bci 90 cm, por\u0119cze i uchwyty przy misce ust\u0119powej i umywalce).<\/p>\n<p>Toalety w kamienicy przy Grodzkiej 7 znajduj\u0105 si\u0119 na I i II pi\u0119trze i nie s\u0105 dostosowane dla os\u00f3b z niepe\u0142nosprawno\u015bci\u0105 ruchow\u0105, os\u00f3b niewidomych lub niedowidz\u0105cych.<\/p>\n<p>Wej\u015bcie do Warsztat\u00f3w jest mo\u017cliwe z psem asystuj\u0105cym, jednak osoby niewidome i niedowidz\u0105ce powinny pami\u0119ta\u0107 o trudno\u015bciach, jakie mog\u0105 sprawi\u0107 schody. Posiadamy podjazd dla w\u00f3zk\u00f3w, co umo\u017cliwia dost\u0119p do korytarza i patio w budynku przy Grodzkiej 7.&nbsp;<\/p>\n<p>W obu kamienicach nie ma p\u0119tli indukcyjnych. W obu kamienicach nie ma oznacze\u0144 w alfabecie brajla ani oznacze\u0144 kontrastowych lub w druku powi\u0119kszonym dla os\u00f3b niewidomych i niedowidz\u0105cych.<\/p>\n<\/div>\n<div id=\"mCSB_6_container\" class=\"mCSB_container\" dir=\"ltr\" style=\"position: relative; top: 0; left: 0;\">\n<p>Warsztaty Kultury prowadz\u0105 tak\u017ce Warsztat Fotograficzny, kt\u00f3ry znajduje si\u0119 przy ulicy Kowalskiej 3. Do drzwi warsztatu (90 cm szeroko\u015bci) prowadz\u0105 kilkustopniowe, w\u0105skie (na ok. 1 m szeroko\u015bci) schodki. Przestrze\u0144 przed drzwiami jest w\u0105ska. W warsztacie znajduje si\u0119 ma\u0142e pomieszczenie ciemni fotograficznej, do kt\u00f3rej prowadzi ok 90 cm wej\u015bcie. W przestrzeni warsztatu fotograficznego nie ma p\u0119tli indukcyjnej, nie ma oznacze\u0144 w alfabecie brajla ani oznacze\u0144 kontrastowych lub w druku powi\u0119kszonym dla os\u00f3b niewidomych i niedowidz\u0105cych.<\/p>\n<\/div>\n<\/section>\n<section id=\"a11y-komunikacja\">\n<h3>Dost\u0119pno\u015b\u0107 komunikacyjno-informacyjna<\/h3>\n<p>Podczas realizowanych przez nas wydarze\u0144, istnieje mo\u017cliwo\u015b\u0107 wypo\u017cyczenia s\u0142uchawek wyg\u0142uszaj\u0105cych dla dzieci i doros\u0142ych.<\/p>\n<p>Warsztaty na chwil\u0119 obecn\u0105 nie oferuj\u0105 sta\u0142ej mo\u017cliwo\u015bci skorzystania z t\u0142umacza j\u0119zyka migowego oraz asysty dla os\u00f3b niewidomych i niedowidz\u0105cych. Jednak w przypadku zg\u0142oszenia potrzeby skorzystania z t\u0142umacza j\u0119zyka migowego lub asysty dla os\u00f3b niewidomych i niedowidz\u0105cych na co najmniej 5 dni roboczych przed planowan\u0105 wizyt\u0105 w Warsztatach Kultury, zostan\u0105 one zapewnione. Zg\u0142oszenie mo\u017cna przes\u0142a\u0107 za po\u015brednictwem telefonu, poczty elektronicznej, faksu lub z\u0142o\u017cy\u0107 w sekretariacie Warsztat\u00f3w Kultury. W przypadku braku mo\u017cliwo\u015bci realizacji \u015bwiadczenia, Warsztaty Kultury przeka\u017c\u0105 tak\u0105 informacj\u0119 wraz z uzasadnieniem osobie uprawnionej, wyznaczaj\u0105c mo\u017cliwy termin realizacji \u015bwiadczenia lub wskazuj\u0105c inn\u0105 form\u0119 realizacji przys\u0142uguj\u0105cych uprawnie\u0144.<\/p>\n<p>Informujemy r\u00f3wnie\u017c, \u017ce du\u017ca cz\u0119\u015b\u0107 kadry Warsztat\u00f3w Kultury uko\u0144czy\u0142a kurs podstawowy Polskiego J\u0119zyka Migowego, a kolejne osoby s\u0105 w trakcie kursu na dalszych poziomach. Warsztaty Kultury wci\u0105\u017c pracuj\u0105 nad popraw\u0105 dost\u0119pno\u015bci swojej oferty: podnosimy swoje kwalifikacje w zakresie dost\u0119pno\u015bci, staramy si\u0119 likwidowa\u0107 bariery i udost\u0119pnia\u0107 realizowane przez nas wydarzenia.<\/p>\n<\/section>\n<section id=\"a11y-aplikacje\">\n<h3>Aplikacje mobilne<\/h3>\n<p>Instytucja nie udost\u0119pnia aplikacji mobilnych.<\/p>\n<\/section>\n<\/div><\/div><\/div><\/div><\/div>\n","protected":false},"excerpt":{"rendered":"","protected":false},"author":2,"featured_media":0,"parent":0,"menu_order":0,"comment_status":"closed","ping_status":"closed","template":"","meta":{"_acf_changed":false,"ngg_post_thumbnail":0,"footnotes":""},"class_list":["post-43035","page","type-page","status-publish","hentry"],"acf":[],"yoast_head":"<!-- This site is optimized with the Yoast SEO plugin v26.1.1 - https:\/\/yoast.com\/wordpress\/plugins\/seo\/ -->\n<title>Deklaracja dost\u0119pno\u015bci - Noc Kultury<\/title>\n<meta name=\"robots\" content=\"index, follow, max-snippet:-1, max-image-preview:large, max-video-preview:-1\" \/>\n<link rel=\"canonical\" href=\"https:\/\/nockultury.pl\/pl\/dostepnosc\/\" \/>\n<meta property=\"og:locale\" content=\"pl_PL\" \/>\n<meta property=\"og:type\" content=\"article\" \/>\n<meta property=\"og:title\" content=\"Deklaracja dost\u0119pno\u015bci - Noc Kultury\" \/>\n<meta property=\"og:url\" content=\"https:\/\/nockultury.pl\/pl\/dostepnosc\/\" \/>\n<meta property=\"og:site_name\" content=\"Noc Kultury\" \/>\n<meta property=\"article:publisher\" content=\"https:\/\/www.facebook.com\/NocKultury\/\" \/>\n<meta property=\"article:modified_time\" content=\"2026-03-30T21:43:15+00:00\" \/>\n<meta property=\"og:image\" content=\"https:\/\/nockultury.pl\/wp-content\/uploads\/2026\/04\/666909448_952682540483720_5385792266393922546_n-1.jpg\" \/>\n\t<meta property=\"og:image:width\" content=\"2048\" \/>\n\t<meta property=\"og:image:height\" content=\"1072\" \/>\n\t<meta property=\"og:image:type\" content=\"image\/jpeg\" \/>\n<meta name=\"twitter:card\" content=\"summary_large_image\" \/>\n<meta name=\"twitter:label1\" content=\"Szacowany czas czytania\" \/>\n\t<meta name=\"twitter:data1\" content=\"7 minut\" \/>\n<script type=\"application\/ld+json\" class=\"yoast-schema-graph\">{\"@context\":\"https:\/\/schema.org\",\"@graph\":[{\"@type\":\"WebPage\",\"@id\":\"https:\/\/nockultury.pl\/pl\/dostepnosc\/\",\"url\":\"https:\/\/nockultury.pl\/pl\/dostepnosc\/\",\"name\":\"Deklaracja dost\u0119pno\u015bci - Noc Kultury\",\"isPartOf\":{\"@id\":\"https:\/\/nockultury.pl\/pl\/#website\"},\"datePublished\":\"2023-03-31T07:28:17+00:00\",\"dateModified\":\"2026-03-30T21:43:15+00:00\",\"breadcrumb\":{\"@id\":\"https:\/\/nockultury.pl\/pl\/dostepnosc\/#breadcrumb\"},\"inLanguage\":\"pl-PL\",\"potentialAction\":[{\"@type\":\"ReadAction\",\"target\":[\"https:\/\/nockultury.pl\/pl\/dostepnosc\/\"]}]},{\"@type\":\"BreadcrumbList\",\"@id\":\"https:\/\/nockultury.pl\/pl\/dostepnosc\/#breadcrumb\",\"itemListElement\":[{\"@type\":\"ListItem\",\"position\":1,\"name\":\"Strona g\u0142\u00f3wna\",\"item\":\"https:\/\/nockultury.pl\/pl\/\"},{\"@type\":\"ListItem\",\"position\":2,\"name\":\"Deklaracja dost\u0119pno\u015bci\"}]},{\"@type\":\"WebSite\",\"@id\":\"https:\/\/nockultury.pl\/pl\/#website\",\"url\":\"https:\/\/nockultury.pl\/pl\/\",\"name\":\"Noc Kultury\",\"description\":\"Lublin, Stare Miasto | wst\u0119p wolny\",\"publisher\":{\"@id\":\"https:\/\/nockultury.pl\/pl\/#organization\"},\"potentialAction\":[{\"@type\":\"SearchAction\",\"target\":{\"@type\":\"EntryPoint\",\"urlTemplate\":\"https:\/\/nockultury.pl\/pl\/?s={search_term_string}\"},\"query-input\":{\"@type\":\"PropertyValueSpecification\",\"valueRequired\":true,\"valueName\":\"search_term_string\"}}],\"inLanguage\":\"pl-PL\"},{\"@type\":\"Organization\",\"@id\":\"https:\/\/nockultury.pl\/pl\/#organization\",\"name\":\"Warsztaty Kultury w Lublinie\",\"url\":\"https:\/\/nockultury.pl\/pl\/\",\"logo\":{\"@type\":\"ImageObject\",\"inLanguage\":\"pl-PL\",\"@id\":\"https:\/\/nockultury.pl\/pl\/#\/schema\/logo\/image\/\",\"url\":\"https:\/\/nockultury.pl\/wp-content\/uploads\/2020\/03\/NOC-KULTURY-LOGO-170.jpg\",\"contentUrl\":\"https:\/\/nockultury.pl\/wp-content\/uploads\/2020\/03\/NOC-KULTURY-LOGO-170.jpg\",\"width\":170,\"height\":79,\"caption\":\"Warsztaty Kultury w Lublinie\"},\"image\":{\"@id\":\"https:\/\/nockultury.pl\/pl\/#\/schema\/logo\/image\/\"},\"sameAs\":[\"https:\/\/www.facebook.com\/NocKultury\/\",\"https:\/\/www.instagram.com\/nockultury\/\",\"https:\/\/www.youtube.com\/@videonockultury\"]}]}<\/script>\n<!-- \/ Yoast SEO plugin. -->","yoast_head_json":{"title":"Deklaracja dost\u0119pno\u015bci - Noc Kultury","robots":{"index":"index","follow":"follow","max-snippet":"max-snippet:-1","max-image-preview":"max-image-preview:large","max-video-preview":"max-video-preview:-1"},"canonical":"https:\/\/nockultury.pl\/pl\/dostepnosc\/","og_locale":"pl_PL","og_type":"article","og_title":"Deklaracja dost\u0119pno\u015bci - Noc Kultury","og_url":"https:\/\/nockultury.pl\/pl\/dostepnosc\/","og_site_name":"Noc Kultury","article_publisher":"https:\/\/www.facebook.com\/NocKultury\/","article_modified_time":"2026-03-30T21:43:15+00:00","og_image":[{"width":2048,"height":1072,"url":"https:\/\/nockultury.pl\/wp-content\/uploads\/2026\/04\/666909448_952682540483720_5385792266393922546_n-1.jpg","type":"image\/jpeg"}],"twitter_card":"summary_large_image","twitter_misc":{"Szacowany czas czytania":"7 minut"},"schema":{"@context":"https:\/\/schema.org","@graph":[{"@type":"WebPage","@id":"https:\/\/nockultury.pl\/pl\/dostepnosc\/","url":"https:\/\/nockultury.pl\/pl\/dostepnosc\/","name":"Deklaracja dost\u0119pno\u015bci - Noc Kultury","isPartOf":{"@id":"https:\/\/nockultury.pl\/pl\/#website"},"datePublished":"2023-03-31T07:28:17+00:00","dateModified":"2026-03-30T21:43:15+00:00","breadcrumb":{"@id":"https:\/\/nockultury.pl\/pl\/dostepnosc\/#breadcrumb"},"inLanguage":"pl-PL","potentialAction":[{"@type":"ReadAction","target":["https:\/\/nockultury.pl\/pl\/dostepnosc\/"]}]},{"@type":"BreadcrumbList","@id":"https:\/\/nockultury.pl\/pl\/dostepnosc\/#breadcrumb","itemListElement":[{"@type":"ListItem","position":1,"name":"Strona g\u0142\u00f3wna","item":"https:\/\/nockultury.pl\/pl\/"},{"@type":"ListItem","position":2,"name":"Deklaracja dost\u0119pno\u015bci"}]},{"@type":"WebSite","@id":"https:\/\/nockultury.pl\/pl\/#website","url":"https:\/\/nockultury.pl\/pl\/","name":"Noc Kultury","description":"Lublin, Stare Miasto | wst\u0119p wolny","publisher":{"@id":"https:\/\/nockultury.pl\/pl\/#organization"},"potentialAction":[{"@type":"SearchAction","target":{"@type":"EntryPoint","urlTemplate":"https:\/\/nockultury.pl\/pl\/?s={search_term_string}"},"query-input":{"@type":"PropertyValueSpecification","valueRequired":true,"valueName":"search_term_string"}}],"inLanguage":"pl-PL"},{"@type":"Organization","@id":"https:\/\/nockultury.pl\/pl\/#organization","name":"Warsztaty Kultury w Lublinie","url":"https:\/\/nockultury.pl\/pl\/","logo":{"@type":"ImageObject","inLanguage":"pl-PL","@id":"https:\/\/nockultury.pl\/pl\/#\/schema\/logo\/image\/","url":"https:\/\/nockultury.pl\/wp-content\/uploads\/2020\/03\/NOC-KULTURY-LOGO-170.jpg","contentUrl":"https:\/\/nockultury.pl\/wp-content\/uploads\/2020\/03\/NOC-KULTURY-LOGO-170.jpg","width":170,"height":79,"caption":"Warsztaty Kultury w Lublinie"},"image":{"@id":"https:\/\/nockultury.pl\/pl\/#\/schema\/logo\/image\/"},"sameAs":["https:\/\/www.facebook.com\/NocKultury\/","https:\/\/www.instagram.com\/nockultury\/","https:\/\/www.youtube.com\/@videonockultury"]}]}},"_links":{"self":[{"href":"https:\/\/nockultury.pl\/pl\/wp-json\/wp\/v2\/pages\/43035","targetHints":{"allow":["GET"]}}],"collection":[{"href":"https:\/\/nockultury.pl\/pl\/wp-json\/wp\/v2\/pages"}],"about":[{"href":"https:\/\/nockultury.pl\/pl\/wp-json\/wp\/v2\/types\/page"}],"author":[{"embeddable":true,"href":"https:\/\/nockultury.pl\/pl\/wp-json\/wp\/v2\/users\/2"}],"replies":[{"embeddable":true,"href":"https:\/\/nockultury.pl\/pl\/wp-json\/wp\/v2\/comments?post=43035"}],"version-history":[{"count":2,"href":"https:\/\/nockultury.pl\/pl\/wp-json\/wp\/v2\/pages\/43035\/revisions"}],"predecessor-version":[{"id":49985,"href":"https:\/\/nockultury.pl\/pl\/wp-json\/wp\/v2\/pages\/43035\/revisions\/49985"}],"wp:attachment":[{"href":"https:\/\/nockultury.pl\/pl\/wp-json\/wp\/v2\/media?parent=43035"}],"curies":[{"name":"wp","href":"https:\/\/api.w.org\/{rel}","templated":true}]}}