{"id":455,"date":"2020-03-24T22:40:02","date_gmt":"2020-03-24T21:40:02","guid":{"rendered":"https:\/\/nockultury.warsztatykultury.pl\/?page_id=455"},"modified":"2024-04-11T12:49:05","modified_gmt":"2024-04-11T10:49:05","slug":"swieciuchy","status":"publish","type":"page","link":"https:\/\/nockultury.pl\/pl\/swieciuchy\/","title":{"rendered":"\u015awieciuchy"},"content":{"rendered":"<p><div class=\"fusion-fullwidth fullwidth-box fusion-builder-row-1 fusion-flex-container has-pattern-background has-mask-background nonhundred-percent-fullwidth non-hundred-percent-height-scrolling\" style=\"--awb-border-radius-top-left:0px;--awb-border-radius-top-right:0px;--awb-border-radius-bottom-right:0px;--awb-border-radius-bottom-left:0px;--awb-margin-top-small:70%;--awb-background-color:rgba(255,255,255,0);--awb-flex-wrap:wrap;\" ><div class=\"fusion-builder-row fusion-row fusion-flex-align-items-flex-start fusion-flex-content-wrap\" style=\"max-width:calc( 1920px + 0px );margin-left: calc(-0px \/ 2 );margin-right: calc(-0px \/ 2 );\"><div class=\"fusion-layout-column fusion_builder_column fusion-builder-column-0 fusion_builder_column_1_1 1_1 fusion-flex-column\" style=\"--awb-bg-size:cover;--awb-width-large:100%;--awb-margin-top-large:0px;--awb-spacing-right-large:0px;--awb-margin-bottom-large:0px;--awb-spacing-left-large:0px;--awb-width-medium:100%;--awb-spacing-right-medium:0px;--awb-spacing-left-medium:0px;--awb-width-small:100%;--awb-spacing-right-small:0px;--awb-spacing-left-small:0px;\"><div class=\"fusion-column-wrapper fusion-column-has-shadow fusion-flex-justify-content-flex-start fusion-content-layout-column\"><div class=\"fusion-slider-sc\" id=\"flexslider\"><div class=\"fusion-flexslider-loading flexslider flexslider-hover-type-none\" data-slideshow_autoplay=\"1\" data-slideshow_smooth_height=\"0\" data-slideshow_speed=\"7000\" style=\"max-width:100%;height:100%;\"><ul class=\"slides\"><li class=\"image\"><span class=\"lazyload fusion-image-hover-element hover-type-none\"><img decoding=\"async\" src=\"https:\/\/nockultury.pl\/wp-content\/uploads\/2020\/03\/IMG_9912.jpg\" data-orig-src=\"https:\/\/nockultury.pl\/wp-content\/uploads\/2020\/03\/IMG_9912.jpg\" alt=\"Instalacja na Nocy Kultury\" width=\"1200\" height=\"806\" class=\"lazyload wp-image-360\" srcset=\"data:image\/svg+xml,%3Csvg%20xmlns%3D%27http%3A%2F%2Fwww.w3.org%2F2000%2Fsvg%27%20width%3D%271200%27%20height%3D%27806%27%20viewBox%3D%270%200%201200%20806%27%3E%3Crect%20width%3D%271200%27%20height%3D%27806%27%20fill-opacity%3D%220%22%2F%3E%3C%2Fsvg%3E\" data-srcset=\"https:\/\/nockultury.pl\/wp-content\/uploads\/2020\/03\/IMG_9912-200x134.jpg 200w, https:\/\/nockultury.pl\/wp-content\/uploads\/2020\/03\/IMG_9912-400x269.jpg 400w, https:\/\/nockultury.pl\/wp-content\/uploads\/2020\/03\/IMG_9912-600x403.jpg 600w, https:\/\/nockultury.pl\/wp-content\/uploads\/2020\/03\/IMG_9912-800x537.jpg 800w, https:\/\/nockultury.pl\/wp-content\/uploads\/2020\/03\/IMG_9912.jpg 1200w\" data-sizes=\"auto\" data-orig-sizes=\"(max-width: 640px) 100vw, 1200px\" \/><\/span><\/li><li class=\"image\"><span class=\"lazyload fusion-image-hover-element hover-type-none\"><img decoding=\"async\" src=\"https:\/\/nockultury.pl\/wp-content\/uploads\/2020\/03\/IMG_9906-copy.jpg\" data-orig-src=\"https:\/\/nockultury.pl\/wp-content\/uploads\/2020\/03\/IMG_9906-copy.jpg\" alt=\"Instalacja na Nocy Kultury\" width=\"1200\" height=\"806\" class=\"lazyload wp-image-359\" srcset=\"data:image\/svg+xml,%3Csvg%20xmlns%3D%27http%3A%2F%2Fwww.w3.org%2F2000%2Fsvg%27%20width%3D%271200%27%20height%3D%27806%27%20viewBox%3D%270%200%201200%20806%27%3E%3Crect%20width%3D%271200%27%20height%3D%27806%27%20fill-opacity%3D%220%22%2F%3E%3C%2Fsvg%3E\" data-srcset=\"https:\/\/nockultury.pl\/wp-content\/uploads\/2020\/03\/IMG_9906-copy-200x134.jpg 200w, https:\/\/nockultury.pl\/wp-content\/uploads\/2020\/03\/IMG_9906-copy-400x269.jpg 400w, https:\/\/nockultury.pl\/wp-content\/uploads\/2020\/03\/IMG_9906-copy-600x403.jpg 600w, https:\/\/nockultury.pl\/wp-content\/uploads\/2020\/03\/IMG_9906-copy-800x537.jpg 800w, https:\/\/nockultury.pl\/wp-content\/uploads\/2020\/03\/IMG_9906-copy.jpg 1200w\" data-sizes=\"auto\" data-orig-sizes=\"(max-width: 640px) 100vw, 1200px\" \/><\/span><\/li><li class=\"image\"><span class=\"lazyload fusion-image-hover-element hover-type-none\"><img decoding=\"async\" src=\"https:\/\/nockultury.pl\/wp-content\/uploads\/2020\/03\/IMG_9009.jpg\" data-orig-src=\"https:\/\/nockultury.pl\/wp-content\/uploads\/2020\/03\/IMG_9009.jpg\" alt=\"Instalacja na Nocy Kultury\" width=\"2000\" height=\"1343\" class=\"lazyload wp-image-358\" srcset=\"data:image\/svg+xml,%3Csvg%20xmlns%3D%27http%3A%2F%2Fwww.w3.org%2F2000%2Fsvg%27%20width%3D%272000%27%20height%3D%271343%27%20viewBox%3D%270%200%202000%201343%27%3E%3Crect%20width%3D%272000%27%20height%3D%271343%27%20fill-opacity%3D%220%22%2F%3E%3C%2Fsvg%3E\" data-srcset=\"https:\/\/nockultury.pl\/wp-content\/uploads\/2020\/03\/IMG_9009-200x134.jpg 200w, https:\/\/nockultury.pl\/wp-content\/uploads\/2020\/03\/IMG_9009-400x269.jpg 400w, https:\/\/nockultury.pl\/wp-content\/uploads\/2020\/03\/IMG_9009-600x403.jpg 600w, https:\/\/nockultury.pl\/wp-content\/uploads\/2020\/03\/IMG_9009-800x537.jpg 800w, https:\/\/nockultury.pl\/wp-content\/uploads\/2020\/03\/IMG_9009-1200x806.jpg 1200w, https:\/\/nockultury.pl\/wp-content\/uploads\/2020\/03\/IMG_9009.jpg 2000w\" data-sizes=\"auto\" data-orig-sizes=\"(max-width: 640px) 100vw, 2000px\" \/><\/span><\/li><li class=\"image\"><span class=\"lazyload fusion-image-hover-element hover-type-none\"><img decoding=\"async\" src=\"data:image\/svg+xml,%3Csvg%20xmlns%3D%27http%3A%2F%2Fwww.w3.org%2F2000%2Fsvg%27%20width%3D%271960%27%20height%3D%271314%27%20viewBox%3D%270%200%201960%201314%27%3E%3Crect%20width%3D%271960%27%20height%3D%271314%27%20fill-opacity%3D%220%22%2F%3E%3C%2Fsvg%3E\" data-orig-src=\"https:\/\/nockultury.pl\/wp-content\/uploads\/2020\/03\/Fot.-Marcin-Butryn-7-1-e1585055799509.jpg\" alt=\"Instalacja na Nocy Kultury\" width=\"1960\" height=\"1314\" class=\"lazyload wp-image-357\" \/><\/span><\/li><li class=\"image\"><span class=\"lazyload fusion-image-hover-element hover-type-none\"><img decoding=\"async\" src=\"https:\/\/nockultury.pl\/wp-content\/uploads\/2020\/03\/DSC_2054.jpg\" data-orig-src=\"https:\/\/nockultury.pl\/wp-content\/uploads\/2020\/03\/DSC_2054.jpg\" alt=\"Instalacja na Nocy Kultury\" width=\"960\" height=\"641\" class=\"lazyload wp-image-356\" srcset=\"data:image\/svg+xml,%3Csvg%20xmlns%3D%27http%3A%2F%2Fwww.w3.org%2F2000%2Fsvg%27%20width%3D%27960%27%20height%3D%27641%27%20viewBox%3D%270%200%20960%20641%27%3E%3Crect%20width%3D%27960%27%20height%3D%27641%27%20fill-opacity%3D%220%22%2F%3E%3C%2Fsvg%3E\" data-srcset=\"https:\/\/nockultury.pl\/wp-content\/uploads\/2020\/03\/DSC_2054-200x134.jpg 200w, https:\/\/nockultury.pl\/wp-content\/uploads\/2020\/03\/DSC_2054-400x267.jpg 400w, https:\/\/nockultury.pl\/wp-content\/uploads\/2020\/03\/DSC_2054-600x401.jpg 600w, https:\/\/nockultury.pl\/wp-content\/uploads\/2020\/03\/DSC_2054-800x534.jpg 800w, https:\/\/nockultury.pl\/wp-content\/uploads\/2020\/03\/DSC_2054.jpg 960w\" data-sizes=\"auto\" data-orig-sizes=\"(max-width: 640px) 100vw, 960px\" \/><\/span><\/li><li class=\"image\"><span class=\"lazyload fusion-image-hover-element hover-type-none\"><img decoding=\"async\" src=\"https:\/\/nockultury.pl\/wp-content\/uploads\/2020\/03\/DSC_2049.jpg\" data-orig-src=\"https:\/\/nockultury.pl\/wp-content\/uploads\/2020\/03\/DSC_2049.jpg\" alt=\"Instalacja na Nocy Kultury\" width=\"960\" height=\"641\" class=\"lazyload wp-image-355\" srcset=\"data:image\/svg+xml,%3Csvg%20xmlns%3D%27http%3A%2F%2Fwww.w3.org%2F2000%2Fsvg%27%20width%3D%27960%27%20height%3D%27641%27%20viewBox%3D%270%200%20960%20641%27%3E%3Crect%20width%3D%27960%27%20height%3D%27641%27%20fill-opacity%3D%220%22%2F%3E%3C%2Fsvg%3E\" data-srcset=\"https:\/\/nockultury.pl\/wp-content\/uploads\/2020\/03\/DSC_2049-200x134.jpg 200w, https:\/\/nockultury.pl\/wp-content\/uploads\/2020\/03\/DSC_2049-400x267.jpg 400w, https:\/\/nockultury.pl\/wp-content\/uploads\/2020\/03\/DSC_2049-600x401.jpg 600w, https:\/\/nockultury.pl\/wp-content\/uploads\/2020\/03\/DSC_2049-800x534.jpg 800w, https:\/\/nockultury.pl\/wp-content\/uploads\/2020\/03\/DSC_2049.jpg 960w\" data-sizes=\"auto\" data-orig-sizes=\"(max-width: 640px) 100vw, 960px\" \/><\/span><\/li><\/ul><\/div><\/div><\/div><\/div><\/div><\/div><div class=\"fusion-fullwidth fullwidth-box fusion-builder-row-2 fusion-flex-container roundNK nonhundred-percent-fullwidth non-hundred-percent-height-scrolling\" style=\"--awb-border-radius-top-left:0px;--awb-border-radius-top-right:0px;--awb-border-radius-bottom-right:0px;--awb-border-radius-bottom-left:0px;--awb-margin-top:2%;--awb-margin-bottom:2%;--awb-background-color:#000000;--awb-flex-wrap:wrap;\" ><div class=\"fusion-builder-row fusion-row fusion-flex-align-items-flex-start fusion-flex-content-wrap\" style=\"max-width:calc( 1920px + 0px );margin-left: calc(-0px \/ 2 );margin-right: calc(-0px \/ 2 );\"><div class=\"fusion-layout-column fusion_builder_column fusion-builder-column-1 fusion_builder_column_1_1 1_1 fusion-flex-column paddingNK\" style=\"--awb-padding-top:2%;--awb-padding-left:4%;--awb-bg-color:rgba(0,0,0,0);--awb-bg-color-hover:rgba(0,0,0,0);--awb-bg-size:cover;--awb-width-large:100%;--awb-margin-top-large:0px;--awb-spacing-right-large:0px;--awb-margin-bottom-large:0px;--awb-spacing-left-large:0px;--awb-width-medium:100%;--awb-spacing-right-medium:0px;--awb-spacing-left-medium:0px;--awb-width-small:100%;--awb-spacing-right-small:0px;--awb-spacing-left-small:0px;\"><div class=\"fusion-column-wrapper fusion-column-has-shadow fusion-flex-justify-content-flex-start fusion-content-layout-column\"><div class=\"fusion-text fusion-text-1\"><h1 style=\"line-height: 0px;\" data-fusion-font=\"true\">\u015awieciuchy<\/h1>\n<\/div><\/div><\/div><div class=\"fusion-layout-column fusion_builder_column fusion-builder-column-2 fusion_builder_column_1_1 1_1 fusion-flex-column paddingNK\" style=\"--awb-padding-right:2%;--awb-padding-left:4%;--awb-bg-color:rgba(0,0,0,0);--awb-bg-color-hover:rgba(0,0,0,0);--awb-bg-size:cover;--awb-width-large:100%;--awb-margin-top-large:0px;--awb-spacing-right-large:0px;--awb-margin-bottom-large:0px;--awb-spacing-left-large:0px;--awb-width-medium:100%;--awb-spacing-right-medium:0px;--awb-spacing-left-medium:0px;--awb-width-small:100%;--awb-spacing-right-small:0px;--awb-spacing-left-small:0px;\"><div class=\"fusion-column-wrapper fusion-column-has-shadow fusion-flex-justify-content-flex-start fusion-content-layout-column\"><div class=\"fusion-text fusion-text-2\"><h3><span style=\"line-height: 0px; color: #fbe100;\" data-fusion-font=\"true\">Jaros\u0142aw Koziara, Pi\u0119kno Panie<\/span><br \/>\n<span style=\"line-height: 0px; color: #fbe100;\" data-fusion-font=\"true\">edycja 2015<\/span><\/h3>\n<\/div><div class=\"fusion-text fusion-text-3\"><div style=\"text-align: justify;\">\n<p style=\"text-align: left;\">Noc Kultury jest katalizatorem zmian w mie\u015bcie!<\/p>\n<p style=\"text-align: left;\">150 kolorowych lampion\u00f3w-sukien zawieszonych nad ul. \u017bmigr\u00f3d na ca\u0142ej d\u0142ugo\u015bci to zapieraj\u0105ca dech w piersiach instalacja artystyczna, kt\u00f3ra nie tylko zachwyci\u0142a publiczno\u015b\u0107, ale przy\u015bpieszy\u0142a decyzj\u0119 Prezydenta Miasta Lublina o zamkni\u0119ciu jej dla ruchu samochodowego.<\/p>\n<\/div>\n<\/div><\/div><\/div><\/div><\/div><div class=\"fusion-fullwidth fullwidth-box fusion-builder-row-3 fusion-flex-container has-pattern-background has-mask-background roundNK nonhundred-percent-fullwidth non-hundred-percent-height-scrolling\" style=\"--awb-border-radius-top-left:0px;--awb-border-radius-top-right:0px;--awb-border-radius-bottom-right:0px;--awb-border-radius-bottom-left:0px;--awb-margin-top:2%;--awb-margin-bottom:2%;--awb-background-color:#000000;--awb-flex-wrap:wrap;\" ><div class=\"fusion-builder-row fusion-row fusion-flex-align-items-flex-start fusion-flex-content-wrap\" style=\"max-width:1996.8px;margin-left: calc(-4% \/ 2 );margin-right: calc(-4% \/ 2 );\"><div class=\"fusion-layout-column fusion_builder_column fusion-builder-column-3 fusion_builder_column_1_1 1_1 fusion-flex-column\" style=\"--awb-bg-size:cover;--awb-width-large:100%;--awb-margin-top-large:0px;--awb-spacing-right-large:1.92%;--awb-margin-bottom-large:0px;--awb-spacing-left-large:1.92%;--awb-width-medium:100%;--awb-order-medium:0;--awb-spacing-right-medium:1.92%;--awb-spacing-left-medium:1.92%;--awb-width-small:100%;--awb-order-small:0;--awb-spacing-right-small:1.92%;--awb-spacing-left-small:1.92%;\"><div class=\"fusion-column-wrapper fusion-column-has-shadow fusion-flex-justify-content-flex-start fusion-content-layout-column\"><div style=\"text-align:center;\"><a class=\"fusion-button button-flat button-xlarge button-custom fusion-button-default button-1 fusion-button-default-span fusion-button-default-type\" style=\"--button_accent_color:#000000;--button_accent_hover_color:#ffffff;--button_border_hover_color:#ffffff;--button_gradient_top_color:#fbe100;--button_gradient_bottom_color:#fbe100;--button_gradient_top_color_hover:#000000;--button_gradient_bottom_color_hover:#000000;\" target=\"_self\" href=\"https:\/\/nockultury.pl\/pl\/portfolio\/\"><span class=\"fusion-button-text awb-button__text awb-button__text--default\">wr\u00f3\u0107 do portfolio<\/span><\/a><\/div><\/div><\/div><\/div><\/div><\/p>\n","protected":false},"excerpt":{"rendered":"","protected":false},"author":2,"featured_media":0,"parent":0,"menu_order":0,"comment_status":"closed","ping_status":"closed","template":"","meta":{"_acf_changed":false,"ngg_post_thumbnail":0,"footnotes":""},"class_list":["post-455","page","type-page","status-publish","hentry"],"acf":[],"yoast_head":"<!-- This site is optimized with the Yoast SEO plugin v26.1.1 - https:\/\/yoast.com\/wordpress\/plugins\/seo\/ -->\n<title>\u015awieciuchy<\/title>\n<meta name=\"description\" content=\"150 kolorowych lampion\u00f3w-sukien zawieszonych nad ul. \u017bmigr\u00f3d na ca\u0142ej d\u0142ugo\u015bci to zapieraj\u0105ca dech w piersiach instalacja artystyczna.\" \/>\n<meta name=\"robots\" content=\"index, follow, max-snippet:-1, max-image-preview:large, max-video-preview:-1\" \/>\n<link rel=\"canonical\" href=\"https:\/\/nockultury.pl\/pl\/swieciuchy\/\" \/>\n<meta property=\"og:locale\" content=\"pl_PL\" \/>\n<meta property=\"og:type\" content=\"article\" \/>\n<meta property=\"og:title\" content=\"\u015awieciuchy\" \/>\n<meta property=\"og:description\" content=\"150 kolorowych lampion\u00f3w-sukien zawieszonych nad ul. \u017bmigr\u00f3d na ca\u0142ej d\u0142ugo\u015bci to zapieraj\u0105ca dech w piersiach instalacja artystyczna.\" \/>\n<meta property=\"og:url\" content=\"https:\/\/nockultury.pl\/pl\/swieciuchy\/\" \/>\n<meta property=\"og:site_name\" content=\"Noc Kultury\" \/>\n<meta property=\"article:publisher\" content=\"https:\/\/www.facebook.com\/NocKultury\/\" \/>\n<meta property=\"article:modified_time\" content=\"2024-04-11T10:49:05+00:00\" \/>\n<meta property=\"og:image\" content=\"https:\/\/nockultury.pl\/wp-content\/uploads\/2025\/04\/jest_program_hd.webp\" \/>\n\t<meta property=\"og:image:width\" content=\"1920\" \/>\n\t<meta property=\"og:image:height\" content=\"1080\" \/>\n\t<meta property=\"og:image:type\" content=\"image\/webp\" \/>\n<meta name=\"twitter:card\" content=\"summary_large_image\" \/>\n<meta name=\"twitter:label1\" content=\"Szacowany czas czytania\" \/>\n\t<meta name=\"twitter:data1\" content=\"6 minut\" \/>\n<script type=\"application\/ld+json\" class=\"yoast-schema-graph\">{\"@context\":\"https:\/\/schema.org\",\"@graph\":[{\"@type\":\"WebPage\",\"@id\":\"https:\/\/nockultury.pl\/pl\/swieciuchy\/\",\"url\":\"https:\/\/nockultury.pl\/pl\/swieciuchy\/\",\"name\":\"\u015awieciuchy\",\"isPartOf\":{\"@id\":\"https:\/\/nockultury.pl\/pl\/#website\"},\"datePublished\":\"2020-03-24T21:40:02+00:00\",\"dateModified\":\"2024-04-11T10:49:05+00:00\",\"description\":\"150 kolorowych lampion\u00f3w-sukien zawieszonych nad ul. \u017bmigr\u00f3d na ca\u0142ej d\u0142ugo\u015bci to zapieraj\u0105ca dech w piersiach instalacja artystyczna.\",\"breadcrumb\":{\"@id\":\"https:\/\/nockultury.pl\/pl\/swieciuchy\/#breadcrumb\"},\"inLanguage\":\"pl-PL\",\"potentialAction\":[{\"@type\":\"ReadAction\",\"target\":[\"https:\/\/nockultury.pl\/pl\/swieciuchy\/\"]}]},{\"@type\":\"BreadcrumbList\",\"@id\":\"https:\/\/nockultury.pl\/pl\/swieciuchy\/#breadcrumb\",\"itemListElement\":[{\"@type\":\"ListItem\",\"position\":1,\"name\":\"Strona g\u0142\u00f3wna\",\"item\":\"https:\/\/nockultury.pl\/pl\/\"},{\"@type\":\"ListItem\",\"position\":2,\"name\":\"\u015awieciuchy\"}]},{\"@type\":\"WebSite\",\"@id\":\"https:\/\/nockultury.pl\/pl\/#website\",\"url\":\"https:\/\/nockultury.pl\/pl\/\",\"name\":\"Noc Kultury\",\"description\":\"Lublin, Stare Miasto | wst\u0119p wolny\",\"publisher\":{\"@id\":\"https:\/\/nockultury.pl\/pl\/#organization\"},\"potentialAction\":[{\"@type\":\"SearchAction\",\"target\":{\"@type\":\"EntryPoint\",\"urlTemplate\":\"https:\/\/nockultury.pl\/pl\/?s={search_term_string}\"},\"query-input\":{\"@type\":\"PropertyValueSpecification\",\"valueRequired\":true,\"valueName\":\"search_term_string\"}}],\"inLanguage\":\"pl-PL\"},{\"@type\":\"Organization\",\"@id\":\"https:\/\/nockultury.pl\/pl\/#organization\",\"name\":\"Warsztaty Kultury w Lublinie\",\"url\":\"https:\/\/nockultury.pl\/pl\/\",\"logo\":{\"@type\":\"ImageObject\",\"inLanguage\":\"pl-PL\",\"@id\":\"https:\/\/nockultury.pl\/pl\/#\/schema\/logo\/image\/\",\"url\":\"https:\/\/nockultury.pl\/wp-content\/uploads\/2020\/03\/NOC-KULTURY-LOGO-170.jpg\",\"contentUrl\":\"https:\/\/nockultury.pl\/wp-content\/uploads\/2020\/03\/NOC-KULTURY-LOGO-170.jpg\",\"width\":170,\"height\":79,\"caption\":\"Warsztaty Kultury w Lublinie\"},\"image\":{\"@id\":\"https:\/\/nockultury.pl\/pl\/#\/schema\/logo\/image\/\"},\"sameAs\":[\"https:\/\/www.facebook.com\/NocKultury\/\",\"https:\/\/www.instagram.com\/nockultury\/\",\"https:\/\/www.youtube.com\/@videonockultury\"]}]}<\/script>\n<!-- \/ Yoast SEO plugin. -->","yoast_head_json":{"title":"\u015awieciuchy","description":"150 kolorowych lampion\u00f3w-sukien zawieszonych nad ul. \u017bmigr\u00f3d na ca\u0142ej d\u0142ugo\u015bci to zapieraj\u0105ca dech w piersiach instalacja artystyczna.","robots":{"index":"index","follow":"follow","max-snippet":"max-snippet:-1","max-image-preview":"max-image-preview:large","max-video-preview":"max-video-preview:-1"},"canonical":"https:\/\/nockultury.pl\/pl\/swieciuchy\/","og_locale":"pl_PL","og_type":"article","og_title":"\u015awieciuchy","og_description":"150 kolorowych lampion\u00f3w-sukien zawieszonych nad ul. \u017bmigr\u00f3d na ca\u0142ej d\u0142ugo\u015bci to zapieraj\u0105ca dech w piersiach instalacja artystyczna.","og_url":"https:\/\/nockultury.pl\/pl\/swieciuchy\/","og_site_name":"Noc Kultury","article_publisher":"https:\/\/www.facebook.com\/NocKultury\/","article_modified_time":"2024-04-11T10:49:05+00:00","og_image":[{"width":1920,"height":1080,"url":"https:\/\/nockultury.pl\/wp-content\/uploads\/2025\/04\/jest_program_hd.webp","type":"image\/webp"}],"twitter_card":"summary_large_image","twitter_misc":{"Szacowany czas czytania":"6 minut"},"schema":{"@context":"https:\/\/schema.org","@graph":[{"@type":"WebPage","@id":"https:\/\/nockultury.pl\/pl\/swieciuchy\/","url":"https:\/\/nockultury.pl\/pl\/swieciuchy\/","name":"\u015awieciuchy","isPartOf":{"@id":"https:\/\/nockultury.pl\/pl\/#website"},"datePublished":"2020-03-24T21:40:02+00:00","dateModified":"2024-04-11T10:49:05+00:00","description":"150 kolorowych lampion\u00f3w-sukien zawieszonych nad ul. \u017bmigr\u00f3d na ca\u0142ej d\u0142ugo\u015bci to zapieraj\u0105ca dech w piersiach instalacja artystyczna.","breadcrumb":{"@id":"https:\/\/nockultury.pl\/pl\/swieciuchy\/#breadcrumb"},"inLanguage":"pl-PL","potentialAction":[{"@type":"ReadAction","target":["https:\/\/nockultury.pl\/pl\/swieciuchy\/"]}]},{"@type":"BreadcrumbList","@id":"https:\/\/nockultury.pl\/pl\/swieciuchy\/#breadcrumb","itemListElement":[{"@type":"ListItem","position":1,"name":"Strona g\u0142\u00f3wna","item":"https:\/\/nockultury.pl\/pl\/"},{"@type":"ListItem","position":2,"name":"\u015awieciuchy"}]},{"@type":"WebSite","@id":"https:\/\/nockultury.pl\/pl\/#website","url":"https:\/\/nockultury.pl\/pl\/","name":"Noc Kultury","description":"Lublin, Stare Miasto | wst\u0119p wolny","publisher":{"@id":"https:\/\/nockultury.pl\/pl\/#organization"},"potentialAction":[{"@type":"SearchAction","target":{"@type":"EntryPoint","urlTemplate":"https:\/\/nockultury.pl\/pl\/?s={search_term_string}"},"query-input":{"@type":"PropertyValueSpecification","valueRequired":true,"valueName":"search_term_string"}}],"inLanguage":"pl-PL"},{"@type":"Organization","@id":"https:\/\/nockultury.pl\/pl\/#organization","name":"Warsztaty Kultury w Lublinie","url":"https:\/\/nockultury.pl\/pl\/","logo":{"@type":"ImageObject","inLanguage":"pl-PL","@id":"https:\/\/nockultury.pl\/pl\/#\/schema\/logo\/image\/","url":"https:\/\/nockultury.pl\/wp-content\/uploads\/2020\/03\/NOC-KULTURY-LOGO-170.jpg","contentUrl":"https:\/\/nockultury.pl\/wp-content\/uploads\/2020\/03\/NOC-KULTURY-LOGO-170.jpg","width":170,"height":79,"caption":"Warsztaty Kultury w Lublinie"},"image":{"@id":"https:\/\/nockultury.pl\/pl\/#\/schema\/logo\/image\/"},"sameAs":["https:\/\/www.facebook.com\/NocKultury\/","https:\/\/www.instagram.com\/nockultury\/","https:\/\/www.youtube.com\/@videonockultury"]}]}},"_links":{"self":[{"href":"https:\/\/nockultury.pl\/pl\/wp-json\/wp\/v2\/pages\/455","targetHints":{"allow":["GET"]}}],"collection":[{"href":"https:\/\/nockultury.pl\/pl\/wp-json\/wp\/v2\/pages"}],"about":[{"href":"https:\/\/nockultury.pl\/pl\/wp-json\/wp\/v2\/types\/page"}],"author":[{"embeddable":true,"href":"https:\/\/nockultury.pl\/pl\/wp-json\/wp\/v2\/users\/2"}],"replies":[{"embeddable":true,"href":"https:\/\/nockultury.pl\/pl\/wp-json\/wp\/v2\/comments?post=455"}],"version-history":[{"count":0,"href":"https:\/\/nockultury.pl\/pl\/wp-json\/wp\/v2\/pages\/455\/revisions"}],"wp:attachment":[{"href":"https:\/\/nockultury.pl\/pl\/wp-json\/wp\/v2\/media?parent=455"}],"curies":[{"name":"wp","href":"https:\/\/api.w.org\/{rel}","templated":true}]}}