{"id":45901,"date":"2024-01-22T13:20:02","date_gmt":"2024-01-22T12:20:02","guid":{"rendered":"https:\/\/nockultury.pl\/?page_id=45901"},"modified":"2024-05-31T12:44:18","modified_gmt":"2024-05-31T10:44:18","slug":"noc-kultury-2024-neurony-miasta","status":"publish","type":"page","link":"https:\/\/nockultury.pl\/pl\/noc-kultury-2024-neurony-miasta\/","title":{"rendered":"Noc Kultury 2024: Neurony Miasta"},"content":{"rendered":"<p><div class=\"fusion-fullwidth fullwidth-box fusion-builder-row-1 fusion-flex-container has-pattern-background has-mask-background nonhundred-percent-fullwidth non-hundred-percent-height-scrolling fusion-no-small-visibility\" style=\"--awb-border-radius-top-left:0px;--awb-border-radius-top-right:0px;--awb-border-radius-bottom-right:0px;--awb-border-radius-bottom-left:0px;--awb-padding-right:4%;--awb-padding-left:4%;--awb-margin-top:13%;--awb-margin-bottom:2%;--awb-background-color:rgba(255,255,255,0);--awb-flex-wrap:wrap;\" ><div class=\"fusion-builder-row fusion-row fusion-flex-align-items-flex-start fusion-flex-content-wrap\" style=\"max-width:1996.8px;margin-left: calc(-4% \/ 2 );margin-right: calc(-4% \/ 2 );\"><div class=\"fusion-layout-column fusion_builder_column fusion-builder-column-0 fusion_builder_column_1_2 1_2 fusion-flex-column\" style=\"--awb-padding-top:3%;--awb-padding-right:62px;--awb-padding-bottom:5%;--awb-padding-left:87px;--awb-overflow:hidden;--awb-bg-color:rgba(0,0,0,0.75);--awb-bg-color-hover:rgba(0,0,0,0.75);--awb-bg-size:cover;--awb-box-shadow:2px 2px 10px 0px rgba(0,0,0,0.88);;--awb-border-radius:10px 10px 10px 10px;--awb-width-large:50%;--awb-margin-top-large:0px;--awb-spacing-right-large:3.84%;--awb-margin-bottom-large:0px;--awb-spacing-left-large:0%;--awb-width-medium:50%;--awb-spacing-right-medium:3.84%;--awb-spacing-left-medium:0%;--awb-width-small:100%;--awb-spacing-right-small:1.92%;--awb-margin-bottom-small:3%;--awb-spacing-left-small:1.92%;\"><div class=\"fusion-column-wrapper fusion-column-has-shadow fusion-flex-justify-content-flex-start fusion-content-layout-block\"><div class=\"fusion-title title fusion-title-1 fusion-sep-none fusion-title-text fusion-title-size-one\"><h1 class=\"fusion-title-heading title-heading-left fusion-responsive-typography-calculated\" style=\"margin:0;--fontSize:30;line-height:1.16;\"><h2>Noc Kultury 2024: Neurony Miasta<\/h2><\/h1><\/div><div class=\"fusion-text fusion-text-1 description_scrollbar\"><p>Lublin jest niezwykle z\u0142o\u017conym organizmem: kom\u00f3rki, tkanki, narz\u0105dy, uk\u0142ady narz\u0105d\u00f3w tworz\u0105 tylko na poz\u00f3r chaotyczn\u0105 kompozycj\u0119. W rzeczywisto\u015bci jest to harmonijnie uporz\u0105dkowana struktura przypominaj\u0105ca organizm cz\u0142owieka. Jednym z najbardziej fascynuj\u0105cych jest uk\u0142ad nerwowy, a podstaw\u0105 jego funkcjonowania s\u0105 neurony. Te intryguj\u0105ce kom\u00f3rki nie funkcjonuj\u0105 w odosobnieniu, tworz\u0105 skomplikowane sieci, by przekazywa\u0107 impulsy elektryczne. To, co dzieje si\u0119 podczas Nocy Kultury, wydaje si\u0119 by\u0107 intryguj\u0105co podobne. Wszechobecna sztuka w przestrzeni miasta odbiera, przetwarza i transmituje sygna\u0142y ludziom, a oni z kolei odbieraj\u0105, przetwarzaj\u0105 i transmituj\u0105 je dalej. To w\u0142a\u015bnie sztuka \u2013 neurony miasta \u2013 pozwala nam widzie\u0107 i rozumie\u0107 to, co widzimy. Sprawia, \u017ce rozpoznajemy wszystkimi zmys\u0142ami to, co wydarza si\u0119 wok\u00f3\u0142, przetwarzamy to i czerpiemy pe\u0142nymi gar\u015bciami. Nocne zwiedzanie miasta staje si\u0119 podr\u00f3\u017c\u0105 poprzez sie\u0107 instalacji i dzia\u0142a\u0144 po\u0142\u0105czonych synapsami z naszymi wspomnieniami i do\u015bwiadczeniami. Odosobniony neuron niewiele mo\u017ce zdzia\u0142a\u0107 tak jak cz\u0142owiek w pojedynk\u0119. Zapraszamy, by sta\u0107 si\u0119 cz\u0119\u015bci\u0105 tej zachwycaj\u0105cej sieci, kt\u00f3ra podczas Nocy Kultury staje si\u0119 nieprawdopodobnie intensywna, za spraw\u0105 r\u00f3\u017cnorodno\u015bci neuron\u00f3w i ich liczbie.<\/p>\n<div class=\"fusion-aligncenter\"><a class=\"fusion-button button-flat button-medium button-custom fusion-button-default button-1 fusion-button-default-span fusion-button-default-type\" style=\"--button_accent_color:#000000;--button_accent_hover_color:#ffffff;--button_border_hover_color:#ffffff;--button_gradient_top_color:#fbe100;--button_gradient_bottom_color:#fbe100;--button_gradient_top_color_hover:#000000;--button_gradient_bottom_color_hover:#000000;\" target=\"_blank\" rel=\"noopener noreferrer\" href=\"https:\/\/nockultury.pl\/pl\/program-2024\/\"><span class=\"fusion-button-text awb-button__text awb-button__text--default\">sprawd\u017a program<\/span><\/a><\/div>\n<\/div><\/div><\/div><div class=\"fusion-layout-column fusion_builder_column fusion-builder-column-1 fusion_builder_column_1_2 1_2 fusion-flex-column fusion-no-small-visibility fusion-no-medium-visibility\" style=\"--awb-padding-bottom:2%;--awb-overflow:hidden;--awb-bg-color:rgba(0,0,0,0.83);--awb-bg-color-hover:rgba(0,0,0,0.83);--awb-bg-size:cover;--awb-box-shadow:2px 2px 6px 1px rgba(0,0,0,0.36);;--awb-border-radius:10px 10px 10px 10px;--awb-width-large:50%;--awb-margin-top-large:0px;--awb-spacing-right-large:0.576%;--awb-margin-bottom-large:0px;--awb-spacing-left-large:2.56%;--awb-width-medium:50%;--awb-order-medium:0;--awb-spacing-right-medium:0.576%;--awb-spacing-left-medium:2.56%;--awb-width-small:100%;--awb-order-small:0;--awb-spacing-right-small:1.92%;--awb-margin-bottom-small:3%;--awb-spacing-left-small:1.92%;\"><div class=\"fusion-column-wrapper fusion-column-has-shadow fusion-flex-justify-content-flex-start fusion-content-layout-block\"><div class=\"fusion-image-element in-legacy-container\" style=\"--awb-caption-title-font-family:var(--h2_typography-font-family);--awb-caption-title-font-weight:var(--h2_typography-font-weight);--awb-caption-title-font-style:var(--h2_typography-font-style);--awb-caption-title-size:var(--h2_typography-font-size);--awb-caption-title-transform:var(--h2_typography-text-transform);--awb-caption-title-line-height:var(--h2_typography-line-height);--awb-caption-title-letter-spacing:var(--h2_typography-letter-spacing);\"><span class=\" fusion-imageframe imageframe-none imageframe-1 hover-type-none\"><img decoding=\"async\" width=\"1024\" height=\"1024\" alt=\"Pod\u015bwietlona instalacja z kwiatami. Logo Nocy Kultury i napis: Lublin 1\/2.06.2024\" title=\"nk_kwadrat\" src=\"https:\/\/nockultury.pl\/wp-content\/uploads\/2024\/01\/nk_kwadrat.jpg\" data-orig-src=\"https:\/\/nockultury.pl\/wp-content\/uploads\/2024\/01\/nk_kwadrat-1024x1024.jpg\" class=\"lazyload img-responsive wp-image-45864\" srcset=\"data:image\/svg+xml,%3Csvg%20xmlns%3D%27http%3A%2F%2Fwww.w3.org%2F2000%2Fsvg%27%20width%3D%271920%27%20height%3D%271920%27%20viewBox%3D%270%200%201920%201920%27%3E%3Crect%20width%3D%271920%27%20height%3D%271920%27%20fill-opacity%3D%220%22%2F%3E%3C%2Fsvg%3E\" data-srcset=\"https:\/\/nockultury.pl\/wp-content\/uploads\/2024\/01\/nk_kwadrat-200x200.jpg 200w, https:\/\/nockultury.pl\/wp-content\/uploads\/2024\/01\/nk_kwadrat-400x400.jpg 400w, https:\/\/nockultury.pl\/wp-content\/uploads\/2024\/01\/nk_kwadrat-600x600.jpg 600w, https:\/\/nockultury.pl\/wp-content\/uploads\/2024\/01\/nk_kwadrat-800x800.jpg 800w, https:\/\/nockultury.pl\/wp-content\/uploads\/2024\/01\/nk_kwadrat-1200x1200.jpg 1200w, https:\/\/nockultury.pl\/wp-content\/uploads\/2024\/01\/nk_kwadrat.jpg 1920w\" data-sizes=\"auto\" data-orig-sizes=\"(max-width: 640px) 100vw, 1200px\" \/><\/span><\/div><\/div><\/div><\/div><\/div><div class=\"fusion-fullwidth fullwidth-box fusion-builder-row-2 fusion-flex-container nonhundred-percent-fullwidth non-hundred-percent-height-scrolling fusion-no-medium-visibility fusion-no-large-visibility\" style=\"--awb-border-radius-top-left:0px;--awb-border-radius-top-right:0px;--awb-border-radius-bottom-right:0px;--awb-border-radius-bottom-left:0px;--awb-padding-right:4%;--awb-padding-left:4%;--awb-margin-top:70%;--awb-margin-bottom:1%;--awb-background-color:rgba(255,255,255,0);--awb-flex-wrap:wrap;\" ><div class=\"fusion-builder-row fusion-row fusion-flex-align-items-flex-start fusion-flex-content-wrap\" style=\"max-width:1996.8px;margin-left: calc(-4% \/ 2 );margin-right: calc(-4% \/ 2 );\"><div class=\"fusion-layout-column fusion_builder_column fusion-builder-column-2 fusion_builder_column_1_2 1_2 fusion-flex-column\" style=\"--awb-padding-right:62px;--awb-padding-bottom:5%;--awb-padding-left:87px;--awb-padding-right-small:34px;--awb-padding-left-small:56px;--awb-overflow:hidden;--awb-bg-color:rgba(0,0,0,0.83);--awb-bg-color-hover:rgba(0,0,0,0.83);--awb-bg-size:cover;--awb-box-shadow:2px 2px 10px 0px rgba(0,0,0,0.88);;--awb-border-radius:10px 10px 10px 10px;--awb-width-large:50%;--awb-margin-top-large:0px;--awb-spacing-right-large:3.84%;--awb-margin-bottom-large:0px;--awb-spacing-left-large:0%;--awb-width-medium:50%;--awb-spacing-right-medium:3.84%;--awb-spacing-left-medium:0%;--awb-width-small:100%;--awb-spacing-right-small:1.92%;--awb-margin-bottom-small:3%;--awb-spacing-left-small:1.92%;\"><div class=\"fusion-column-wrapper fusion-column-has-shadow fusion-flex-justify-content-flex-start fusion-content-layout-block\"><div class=\"fusion-title title fusion-title-2 fusion-sep-none fusion-title-text fusion-title-size-one\"><h1 class=\"fusion-title-heading title-heading-left fusion-responsive-typography-calculated\" style=\"margin:0;--fontSize:30;line-height:1.16;\"><h1>Noc Kultury 2024: Neurony Miasta<\/h1><\/h1><\/div><div class=\"fusion-text fusion-text-2\"><p>Lublin jest niezwykle z\u0142o\u017conym organizmem: kom\u00f3rki, tkanki, narz\u0105dy, uk\u0142ady narz\u0105d\u00f3w tworz\u0105 tylko na poz\u00f3r chaotyczn\u0105 kompozycj\u0119. W rzeczywisto\u015bci jest to harmonijnie uporz\u0105dkowana struktura przypominaj\u0105ca organizm cz\u0142owieka. Jednym z najbardziej fascynuj\u0105cych jest uk\u0142ad nerwowy, a podstaw\u0105 jego funkcjonowania s\u0105 neurony. Te intryguj\u0105ce kom\u00f3rki nie funkcjonuj\u0105 w odosobnieniu, tworz\u0105 skomplikowane sieci, by przekazywa\u0107 impulsy elektryczne. To, co dzieje si\u0119 podczas Nocy Kultury, wydaje si\u0119 by\u0107 intryguj\u0105co podobne. Wszechobecna sztuka w przestrzeni miasta odbiera, przetwarza i transmituje sygna\u0142y ludziom, a oni z kolei odbieraj\u0105, przetwarzaj\u0105 i transmituj\u0105 je dalej. To w\u0142a\u015bnie sztuka \u2013 neurony miasta \u2013 pozwala nam widzie\u0107 i rozumie\u0107 to, co widzimy. Sprawia, \u017ce rozpoznajemy wszystkimi zmys\u0142ami to, co wydarza si\u0119 wok\u00f3\u0142, przetwarzamy to i czerpiemy pe\u0142nymi gar\u015bciami. Nocne zwiedzanie miasta staje si\u0119 podr\u00f3\u017c\u0105 poprzez sie\u0107 instalacji i dzia\u0142a\u0144 po\u0142\u0105czonych synapsami z naszymi wspomnieniami i do\u015bwiadczeniami. Odosobniony neuron niewiele mo\u017ce zdzia\u0142a\u0107 tak jak cz\u0142owiek w pojedynk\u0119. Zapraszamy, by sta\u0107 si\u0119 cz\u0119\u015bci\u0105 tej zachwycaj\u0105cej sieci, kt\u00f3ra podczas Nocy Kultury staje si\u0119 nieprawdopodobnie intensywna, za spraw\u0105 r\u00f3\u017cnorodno\u015bci neuron\u00f3w i ich liczbie.<\/p>\n<\/div><div class=\"fusion-aligncenter\"><a class=\"fusion-button button-flat button-medium button-custom fusion-button-default button-2 fusion-button-default-span fusion-button-default-type\" style=\"--button_accent_color:#000000;--button_accent_hover_color:#000000;--button_border_hover_color:#ffffff;--button_gradient_top_color:#fbe100;--button_gradient_bottom_color:#fbe100;--button_gradient_top_color_hover:#fbe100;--button_gradient_bottom_color_hover:#fbe100;\" target=\"_self\" href=\"https:\/\/nockultury.pl\/pl\/program-2024\/\"><span class=\"fusion-button-text awb-button__text awb-button__text--default\">Sprawd\u017a program<\/span><\/a><\/div><\/div><\/div><div class=\"fusion-layout-column fusion_builder_column fusion-builder-column-3 fusion_builder_column_1_2 1_2 fusion-flex-column\" style=\"--awb-padding-bottom:2%;--awb-overflow:hidden;--awb-bg-color:rgba(0,0,0,0.83);--awb-bg-color-hover:rgba(0,0,0,0.83);--awb-bg-size:cover;--awb-box-shadow:2px 2px 6px 1px rgba(0,0,0,0.36);;--awb-border-radius:10px 10px 10px 10px;--awb-width-large:50%;--awb-margin-top-large:0px;--awb-spacing-right-large:0.576%;--awb-margin-bottom-large:0px;--awb-spacing-left-large:2.56%;--awb-width-medium:50%;--awb-spacing-right-medium:0.576%;--awb-spacing-left-medium:2.56%;--awb-width-small:100%;--awb-spacing-right-small:1.92%;--awb-margin-bottom-small:3%;--awb-spacing-left-small:1.92%;\"><div class=\"fusion-column-wrapper fusion-column-has-shadow fusion-flex-justify-content-flex-start fusion-content-layout-block\"><div class=\"fusion-image-element in-legacy-container\" style=\"--awb-caption-title-font-family:var(--h2_typography-font-family);--awb-caption-title-font-weight:var(--h2_typography-font-weight);--awb-caption-title-font-style:var(--h2_typography-font-style);--awb-caption-title-size:var(--h2_typography-font-size);--awb-caption-title-transform:var(--h2_typography-text-transform);--awb-caption-title-line-height:var(--h2_typography-line-height);--awb-caption-title-letter-spacing:var(--h2_typography-letter-spacing);\"><span class=\" fusion-imageframe imageframe-none imageframe-2 hover-type-none\"><img decoding=\"async\" width=\"1024\" height=\"1024\" alt=\"Pod\u015bwietlona instalacja z kwiatami. Logo Nocy Kultury i napis: Lublin 1\/2.06.2024\" title=\"nk_kwadrat\" src=\"https:\/\/nockultury.pl\/wp-content\/uploads\/2024\/01\/nk_kwadrat.jpg\" data-orig-src=\"https:\/\/nockultury.pl\/wp-content\/uploads\/2024\/01\/nk_kwadrat-1024x1024.jpg\" class=\"lazyload img-responsive wp-image-45864\" srcset=\"data:image\/svg+xml,%3Csvg%20xmlns%3D%27http%3A%2F%2Fwww.w3.org%2F2000%2Fsvg%27%20width%3D%271920%27%20height%3D%271920%27%20viewBox%3D%270%200%201920%201920%27%3E%3Crect%20width%3D%271920%27%20height%3D%271920%27%20fill-opacity%3D%220%22%2F%3E%3C%2Fsvg%3E\" data-srcset=\"https:\/\/nockultury.pl\/wp-content\/uploads\/2024\/01\/nk_kwadrat-200x200.jpg 200w, https:\/\/nockultury.pl\/wp-content\/uploads\/2024\/01\/nk_kwadrat-400x400.jpg 400w, https:\/\/nockultury.pl\/wp-content\/uploads\/2024\/01\/nk_kwadrat-600x600.jpg 600w, https:\/\/nockultury.pl\/wp-content\/uploads\/2024\/01\/nk_kwadrat-800x800.jpg 800w, https:\/\/nockultury.pl\/wp-content\/uploads\/2024\/01\/nk_kwadrat-1200x1200.jpg 1200w, https:\/\/nockultury.pl\/wp-content\/uploads\/2024\/01\/nk_kwadrat.jpg 1920w\" data-sizes=\"auto\" data-orig-sizes=\"(max-width: 640px) 100vw, 1200px\" \/><\/span><\/div><\/div><\/div><\/div><\/div><\/p>\n","protected":false},"excerpt":{"rendered":"","protected":false},"author":8,"featured_media":0,"parent":0,"menu_order":0,"comment_status":"closed","ping_status":"closed","template":"","meta":{"_acf_changed":false,"ngg_post_thumbnail":0,"footnotes":""},"class_list":["post-45901","page","type-page","status-publish","hentry"],"acf":[],"yoast_head":"<!-- This site is optimized with the Yoast SEO plugin v26.1.1 - https:\/\/yoast.com\/wordpress\/plugins\/seo\/ -->\n<title>Noc Kultury 2024: Neurony Miasta<\/title>\n<meta name=\"description\" content=\"Tematem przewodnim Nocy Kultury 2024 w Lublinie s\u0105 Neurony Miasta\" \/>\n<meta name=\"robots\" content=\"index, follow, max-snippet:-1, max-image-preview:large, max-video-preview:-1\" \/>\n<link rel=\"canonical\" href=\"https:\/\/nockultury.pl\/pl\/noc-kultury-2024-neurony-miasta\/\" \/>\n<meta property=\"og:locale\" content=\"pl_PL\" \/>\n<meta property=\"og:type\" content=\"article\" \/>\n<meta property=\"og:title\" content=\"Noc Kultury 2024: Neurony Miasta\" \/>\n<meta property=\"og:description\" content=\"Tematem przewodnim Nocy Kultury 2024 w Lublinie s\u0105 Neurony Miasta\" \/>\n<meta property=\"og:url\" content=\"https:\/\/nockultury.pl\/pl\/noc-kultury-2024-neurony-miasta\/\" \/>\n<meta property=\"og:site_name\" content=\"Noc Kultury\" \/>\n<meta property=\"article:publisher\" content=\"https:\/\/www.facebook.com\/NocKultury\/\" \/>\n<meta property=\"article:modified_time\" content=\"2024-05-31T10:44:18+00:00\" \/>\n<meta property=\"og:image\" content=\"https:\/\/nockultury.pl\/wp-content\/uploads\/2025\/04\/jest_program_hd.webp\" \/>\n\t<meta property=\"og:image:width\" content=\"1920\" \/>\n\t<meta property=\"og:image:height\" content=\"1080\" \/>\n\t<meta property=\"og:image:type\" content=\"image\/webp\" \/>\n<meta name=\"twitter:card\" content=\"summary_large_image\" \/>\n<meta name=\"twitter:label1\" content=\"Szacowany czas czytania\" \/>\n\t<meta name=\"twitter:data1\" content=\"9 minut\" \/>\n<script type=\"application\/ld+json\" class=\"yoast-schema-graph\">{\"@context\":\"https:\/\/schema.org\",\"@graph\":[{\"@type\":\"WebPage\",\"@id\":\"https:\/\/nockultury.pl\/pl\/noc-kultury-2024-neurony-miasta\/\",\"url\":\"https:\/\/nockultury.pl\/pl\/noc-kultury-2024-neurony-miasta\/\",\"name\":\"Noc Kultury 2024: Neurony Miasta\",\"isPartOf\":{\"@id\":\"https:\/\/nockultury.pl\/pl\/#website\"},\"datePublished\":\"2024-01-22T12:20:02+00:00\",\"dateModified\":\"2024-05-31T10:44:18+00:00\",\"description\":\"Tematem przewodnim Nocy Kultury 2024 w Lublinie s\u0105 Neurony Miasta\",\"breadcrumb\":{\"@id\":\"https:\/\/nockultury.pl\/pl\/noc-kultury-2024-neurony-miasta\/#breadcrumb\"},\"inLanguage\":\"pl-PL\",\"potentialAction\":[{\"@type\":\"ReadAction\",\"target\":[\"https:\/\/nockultury.pl\/pl\/noc-kultury-2024-neurony-miasta\/\"]}]},{\"@type\":\"BreadcrumbList\",\"@id\":\"https:\/\/nockultury.pl\/pl\/noc-kultury-2024-neurony-miasta\/#breadcrumb\",\"itemListElement\":[{\"@type\":\"ListItem\",\"position\":1,\"name\":\"Strona g\u0142\u00f3wna\",\"item\":\"https:\/\/nockultury.pl\/pl\/\"},{\"@type\":\"ListItem\",\"position\":2,\"name\":\"Noc Kultury 2024: Neurony Miasta\"}]},{\"@type\":\"WebSite\",\"@id\":\"https:\/\/nockultury.pl\/pl\/#website\",\"url\":\"https:\/\/nockultury.pl\/pl\/\",\"name\":\"Noc Kultury\",\"description\":\"Lublin, Stare Miasto | wst\u0119p wolny\",\"publisher\":{\"@id\":\"https:\/\/nockultury.pl\/pl\/#organization\"},\"potentialAction\":[{\"@type\":\"SearchAction\",\"target\":{\"@type\":\"EntryPoint\",\"urlTemplate\":\"https:\/\/nockultury.pl\/pl\/?s={search_term_string}\"},\"query-input\":{\"@type\":\"PropertyValueSpecification\",\"valueRequired\":true,\"valueName\":\"search_term_string\"}}],\"inLanguage\":\"pl-PL\"},{\"@type\":\"Organization\",\"@id\":\"https:\/\/nockultury.pl\/pl\/#organization\",\"name\":\"Warsztaty Kultury w Lublinie\",\"url\":\"https:\/\/nockultury.pl\/pl\/\",\"logo\":{\"@type\":\"ImageObject\",\"inLanguage\":\"pl-PL\",\"@id\":\"https:\/\/nockultury.pl\/pl\/#\/schema\/logo\/image\/\",\"url\":\"https:\/\/nockultury.pl\/wp-content\/uploads\/2020\/03\/NOC-KULTURY-LOGO-170.jpg\",\"contentUrl\":\"https:\/\/nockultury.pl\/wp-content\/uploads\/2020\/03\/NOC-KULTURY-LOGO-170.jpg\",\"width\":170,\"height\":79,\"caption\":\"Warsztaty Kultury w Lublinie\"},\"image\":{\"@id\":\"https:\/\/nockultury.pl\/pl\/#\/schema\/logo\/image\/\"},\"sameAs\":[\"https:\/\/www.facebook.com\/NocKultury\/\",\"https:\/\/www.instagram.com\/nockultury\/\",\"https:\/\/www.youtube.com\/@videonockultury\"]}]}<\/script>\n<!-- \/ Yoast SEO plugin. -->","yoast_head_json":{"title":"Noc Kultury 2024: Neurony Miasta","description":"Tematem przewodnim Nocy Kultury 2024 w Lublinie s\u0105 Neurony Miasta","robots":{"index":"index","follow":"follow","max-snippet":"max-snippet:-1","max-image-preview":"max-image-preview:large","max-video-preview":"max-video-preview:-1"},"canonical":"https:\/\/nockultury.pl\/pl\/noc-kultury-2024-neurony-miasta\/","og_locale":"pl_PL","og_type":"article","og_title":"Noc Kultury 2024: Neurony Miasta","og_description":"Tematem przewodnim Nocy Kultury 2024 w Lublinie s\u0105 Neurony Miasta","og_url":"https:\/\/nockultury.pl\/pl\/noc-kultury-2024-neurony-miasta\/","og_site_name":"Noc Kultury","article_publisher":"https:\/\/www.facebook.com\/NocKultury\/","article_modified_time":"2024-05-31T10:44:18+00:00","og_image":[{"width":1920,"height":1080,"url":"https:\/\/nockultury.pl\/wp-content\/uploads\/2025\/04\/jest_program_hd.webp","type":"image\/webp"}],"twitter_card":"summary_large_image","twitter_misc":{"Szacowany czas czytania":"9 minut"},"schema":{"@context":"https:\/\/schema.org","@graph":[{"@type":"WebPage","@id":"https:\/\/nockultury.pl\/pl\/noc-kultury-2024-neurony-miasta\/","url":"https:\/\/nockultury.pl\/pl\/noc-kultury-2024-neurony-miasta\/","name":"Noc Kultury 2024: Neurony Miasta","isPartOf":{"@id":"https:\/\/nockultury.pl\/pl\/#website"},"datePublished":"2024-01-22T12:20:02+00:00","dateModified":"2024-05-31T10:44:18+00:00","description":"Tematem przewodnim Nocy Kultury 2024 w Lublinie s\u0105 Neurony Miasta","breadcrumb":{"@id":"https:\/\/nockultury.pl\/pl\/noc-kultury-2024-neurony-miasta\/#breadcrumb"},"inLanguage":"pl-PL","potentialAction":[{"@type":"ReadAction","target":["https:\/\/nockultury.pl\/pl\/noc-kultury-2024-neurony-miasta\/"]}]},{"@type":"BreadcrumbList","@id":"https:\/\/nockultury.pl\/pl\/noc-kultury-2024-neurony-miasta\/#breadcrumb","itemListElement":[{"@type":"ListItem","position":1,"name":"Strona g\u0142\u00f3wna","item":"https:\/\/nockultury.pl\/pl\/"},{"@type":"ListItem","position":2,"name":"Noc Kultury 2024: Neurony Miasta"}]},{"@type":"WebSite","@id":"https:\/\/nockultury.pl\/pl\/#website","url":"https:\/\/nockultury.pl\/pl\/","name":"Noc Kultury","description":"Lublin, Stare Miasto | wst\u0119p wolny","publisher":{"@id":"https:\/\/nockultury.pl\/pl\/#organization"},"potentialAction":[{"@type":"SearchAction","target":{"@type":"EntryPoint","urlTemplate":"https:\/\/nockultury.pl\/pl\/?s={search_term_string}"},"query-input":{"@type":"PropertyValueSpecification","valueRequired":true,"valueName":"search_term_string"}}],"inLanguage":"pl-PL"},{"@type":"Organization","@id":"https:\/\/nockultury.pl\/pl\/#organization","name":"Warsztaty Kultury w Lublinie","url":"https:\/\/nockultury.pl\/pl\/","logo":{"@type":"ImageObject","inLanguage":"pl-PL","@id":"https:\/\/nockultury.pl\/pl\/#\/schema\/logo\/image\/","url":"https:\/\/nockultury.pl\/wp-content\/uploads\/2020\/03\/NOC-KULTURY-LOGO-170.jpg","contentUrl":"https:\/\/nockultury.pl\/wp-content\/uploads\/2020\/03\/NOC-KULTURY-LOGO-170.jpg","width":170,"height":79,"caption":"Warsztaty Kultury w Lublinie"},"image":{"@id":"https:\/\/nockultury.pl\/pl\/#\/schema\/logo\/image\/"},"sameAs":["https:\/\/www.facebook.com\/NocKultury\/","https:\/\/www.instagram.com\/nockultury\/","https:\/\/www.youtube.com\/@videonockultury"]}]}},"_links":{"self":[{"href":"https:\/\/nockultury.pl\/pl\/wp-json\/wp\/v2\/pages\/45901","targetHints":{"allow":["GET"]}}],"collection":[{"href":"https:\/\/nockultury.pl\/pl\/wp-json\/wp\/v2\/pages"}],"about":[{"href":"https:\/\/nockultury.pl\/pl\/wp-json\/wp\/v2\/types\/page"}],"author":[{"embeddable":true,"href":"https:\/\/nockultury.pl\/pl\/wp-json\/wp\/v2\/users\/8"}],"replies":[{"embeddable":true,"href":"https:\/\/nockultury.pl\/pl\/wp-json\/wp\/v2\/comments?post=45901"}],"version-history":[{"count":0,"href":"https:\/\/nockultury.pl\/pl\/wp-json\/wp\/v2\/pages\/45901\/revisions"}],"wp:attachment":[{"href":"https:\/\/nockultury.pl\/pl\/wp-json\/wp\/v2\/media?parent=45901"}],"curies":[{"name":"wp","href":"https:\/\/api.w.org\/{rel}","templated":true}]}}