{"id":49819,"date":"2026-01-19T16:13:19","date_gmt":"2026-01-19T15:13:19","guid":{"rendered":"https:\/\/nockultury.pl\/?page_id=49819"},"modified":"2026-02-23T11:12:05","modified_gmt":"2026-02-23T10:12:05","slug":"dobra-noc","status":"publish","type":"page","link":"https:\/\/nockultury.pl\/pl\/dobra-noc\/","title":{"rendered":"Dobra noc"},"content":{"rendered":"<div class=\"fusion-fullwidth fullwidth-box fusion-builder-row-1 fusion-flex-container has-pattern-background has-mask-background nonhundred-percent-fullwidth non-hundred-percent-height-scrolling\" style=\"--awb-border-radius-top-left:0px;--awb-border-radius-top-right:0px;--awb-border-radius-bottom-right:0px;--awb-border-radius-bottom-left:0px;--awb-padding-right:4%;--awb-padding-left:4%;--awb-margin-top:13%;--awb-margin-bottom:1%;--awb-background-color:rgba(255,255,255,0);--awb-flex-wrap:wrap;\" ><div class=\"fusion-builder-row fusion-row fusion-flex-align-items-flex-start fusion-flex-content-wrap\" style=\"max-width:1996.8px;margin-left: calc(-4% \/ 2 );margin-right: calc(-4% \/ 2 );\"><div class=\"fusion-layout-column fusion_builder_column fusion-builder-column-0 fusion_builder_column_1_2 1_2 fusion-flex-column\" style=\"--awb-padding-right:62px;--awb-padding-bottom:5%;--awb-padding-left:87px;--awb-overflow:hidden;--awb-bg-color:rgba(0,0,0,0.83);--awb-bg-color-hover:rgba(0,0,0,0.83);--awb-bg-size:cover;--awb-box-shadow:2px 2px 10px 0px rgba(0,0,0,0.88);;--awb-border-radius:10px 10px 10px 10px;--awb-width-large:50%;--awb-margin-top-large:0px;--awb-spacing-right-large:3.84%;--awb-margin-bottom-large:0px;--awb-spacing-left-large:0%;--awb-width-medium:50%;--awb-spacing-right-medium:3.84%;--awb-spacing-left-medium:0%;--awb-width-small:100%;--awb-spacing-right-small:1.92%;--awb-margin-bottom-small:3%;--awb-spacing-left-small:1.92%;\"><div class=\"fusion-column-wrapper fusion-column-has-shadow fusion-flex-justify-content-flex-start fusion-content-layout-block\"><div class=\"fusion-title title fusion-title-1 fusion-sep-none fusion-title-text fusion-title-size-one\"><h1 class=\"fusion-title-heading title-heading-left fusion-responsive-typography-calculated\" style=\"margin:0;--fontSize:30;line-height:1.16;\">Noc Kultury 2026: Dobra Noc<\/h1><\/div><div class=\"fusion-text fusion-text-1\"><p>Cz\u0119sto m\u00f3wimy dobranoc, maj\u0105c na my\u015bli czas odpoczynku i koniec codziennej w\u0119dr\u00f3wki, zamkni\u0119cie oczu i zdj\u0119cie but\u00f3w. 6 czerwca chcemy \u017cyczy\u0107 Wam Dobrej Nocy i na przek\u00f3r codziennym zwyczajom zach\u0119ca\u0107 do za\u0142o\u017cenia wygodnego obuwia i rozpocz\u0119cia magicznej w\u0119dr\u00f3wki po uliczkach i zakamarkach Lublina. Ponownie pragniemy bli\u017cej przyjrze\u0107 si\u0119 jakiemu\u015b tematowi. Tym razem b\u0119d\u0105 to nocne ptaki.<\/p>\n<p>Ptaki nocy s\u0105 wszechobecne w polskim ekosystemie, ale tak\u017ce w mitologii i wierzeniach wielu kultur. Ich obecno\u015b\u0107 mo\u017ce oznacza\u0107 bardzo r\u00f3\u017cne rzeczy, a symbolika jest&nbsp; tak pojemna znaczeniowo niczym Noc Kultury. Czasem s\u0105 po prostu pi\u0119kne, czasem zwiastuj\u0105 zmiany, bywaj\u0105 tajemnicze\u2026. Zdolno\u015b\u0107 ptak\u00f3w do latania cz\u0119sto kojarzona jest z nieograniczonymi mo\u017cliwo\u015bciami. Nocnym ptakom \u0142atwiej jest komunikowa\u0107 si\u0119 na du\u017ce odleg\u0142o\u015bci, poniewa\u017c w nocy jest ciszej ni\u017c za dnia.<\/p>\n<p>&nbsp;To w\u0142a\u015bnie ciep\u0142e letnie noce s\u0105 czasem najpi\u0119kniejszych ptasich koncert\u00f3w. Ta wzmo\u017cona aktywno\u015b\u0107 jest nieodzownym elementem magii las\u00f3w, \u0142\u0105k, ale tak\u017ce miast. Mamy nadziej\u0119, \u017ce \u015bwiat nocnych ptak\u00f3w stanie si\u0119 inspiracj\u0105 dla artyst\u00f3w i tw\u00f3rc\u00f3w, a dla publiczno\u015bci dope\u0142nieniem miejskiego w\u0119drowania w poszukiwaniu nieoczekiwanego.<\/p>\n<p>Ju\u017c po raz dwudziesty zapraszamy na endemiczny <em>spacerum profanum<\/em> po lubelskim Starym Mie\u015bcie. To b\u0119dzie dobra noc.<\/p>\n<\/div><\/div><\/div><div class=\"fusion-layout-column fusion_builder_column fusion-builder-column-1 fusion_builder_column_1_2 1_2 fusion-flex-column\" style=\"--awb-padding-bottom:2%;--awb-overflow:hidden;--awb-bg-color:rgba(0,0,0,0.83);--awb-bg-color-hover:rgba(0,0,0,0.83);--awb-bg-size:cover;--awb-box-shadow:2px 2px 6px 1px rgba(0,0,0,0.36);;--awb-border-radius:10px 10px 10px 10px;--awb-width-large:50%;--awb-margin-top-large:0px;--awb-spacing-right-large:0.576%;--awb-margin-bottom-large:0px;--awb-spacing-left-large:2.56%;--awb-width-medium:50%;--awb-spacing-right-medium:0.576%;--awb-spacing-left-medium:2.56%;--awb-width-small:100%;--awb-spacing-right-small:1.92%;--awb-margin-bottom-small:3%;--awb-spacing-left-small:1.92%;\"><div class=\"fusion-column-wrapper fusion-column-has-shadow fusion-flex-justify-content-flex-start fusion-content-layout-block\"><div class=\"fusion-image-element in-legacy-container\" style=\"--awb-caption-title-font-family:var(--h2_typography-font-family);--awb-caption-title-font-weight:var(--h2_typography-font-weight);--awb-caption-title-font-style:var(--h2_typography-font-style);--awb-caption-title-size:var(--h2_typography-font-size);--awb-caption-title-transform:var(--h2_typography-text-transform);--awb-caption-title-line-height:var(--h2_typography-line-height);--awb-caption-title-letter-spacing:var(--h2_typography-letter-spacing);\"><span class=\" fusion-imageframe imageframe-none imageframe-1 hover-type-none\"><img decoding=\"async\" width=\"1080\" height=\"1350\" alt=\"Zdj\u0119cie instalacji artystycznej. Ludzie robi\u0105 jej zdj\u0119cia. Napis: Zg\u0142o\u015b sw\u00f3j projekt. Noc Kultury.\" title=\"Static\" src=\"https:\/\/nockultury.pl\/wp-content\/uploads\/2026\/01\/Static.webp\" data-orig-src=\"https:\/\/nockultury.pl\/wp-content\/uploads\/2026\/01\/Static.webp\" class=\"lazyload img-responsive wp-image-49820\" srcset=\"data:image\/svg+xml,%3Csvg%20xmlns%3D%27http%3A%2F%2Fwww.w3.org%2F2000%2Fsvg%27%20width%3D%271080%27%20height%3D%271350%27%20viewBox%3D%270%200%201080%201350%27%3E%3Crect%20width%3D%271080%27%20height%3D%271350%27%20fill-opacity%3D%220%22%2F%3E%3C%2Fsvg%3E\" data-srcset=\"https:\/\/nockultury.pl\/wp-content\/uploads\/2026\/01\/Static-200x250.webp 200w, https:\/\/nockultury.pl\/wp-content\/uploads\/2026\/01\/Static-240x300.webp 240w, https:\/\/nockultury.pl\/wp-content\/uploads\/2026\/01\/Static-400x500.webp 400w, https:\/\/nockultury.pl\/wp-content\/uploads\/2026\/01\/Static-600x750.webp 600w, https:\/\/nockultury.pl\/wp-content\/uploads\/2026\/01\/Static-768x960.webp 768w, https:\/\/nockultury.pl\/wp-content\/uploads\/2026\/01\/Static-800x1000.webp 800w, https:\/\/nockultury.pl\/wp-content\/uploads\/2026\/01\/Static-819x1024.webp 819w, https:\/\/nockultury.pl\/wp-content\/uploads\/2026\/01\/Static.webp 1080w\" data-sizes=\"auto\" data-orig-sizes=\"(max-width: 640px) 100vw, 1080px\" \/><\/span><\/div><\/div><\/div><\/div><\/div>\n","protected":false},"excerpt":{"rendered":"","protected":false},"author":8,"featured_media":0,"parent":0,"menu_order":0,"comment_status":"closed","ping_status":"closed","template":"","meta":{"_acf_changed":false,"ngg_post_thumbnail":0,"footnotes":""},"class_list":["post-49819","page","type-page","status-publish","hentry"],"acf":[],"yoast_head":"<!-- This site is optimized with the Yoast SEO plugin v26.1.1 - https:\/\/yoast.com\/wordpress\/plugins\/seo\/ -->\n<title>Dobra noc<\/title>\n<meta name=\"description\" content=\"Ponownie pragniemy bli\u017cej przyjrze\u0107 si\u0119 jakiemu\u015b tematowi. Tym razem b\u0119d\u0105 to nocne ptaki.\" \/>\n<meta name=\"robots\" content=\"index, follow, max-snippet:-1, max-image-preview:large, max-video-preview:-1\" \/>\n<link rel=\"canonical\" href=\"https:\/\/nockultury.pl\/pl\/dobra-noc\/\" \/>\n<meta property=\"og:locale\" content=\"pl_PL\" \/>\n<meta property=\"og:type\" content=\"article\" \/>\n<meta property=\"og:title\" content=\"Dobra noc\" \/>\n<meta property=\"og:description\" content=\"Ponownie pragniemy bli\u017cej przyjrze\u0107 si\u0119 jakiemu\u015b tematowi. Tym razem b\u0119d\u0105 to nocne ptaki.\" \/>\n<meta property=\"og:url\" content=\"https:\/\/nockultury.pl\/pl\/dobra-noc\/\" \/>\n<meta property=\"og:site_name\" content=\"Noc Kultury\" \/>\n<meta property=\"article:publisher\" content=\"https:\/\/www.facebook.com\/NocKultury\/\" \/>\n<meta property=\"article:modified_time\" content=\"2026-02-23T10:12:05+00:00\" \/>\n<meta property=\"og:image\" content=\"https:\/\/nockultury.pl\/wp-content\/uploads\/2025\/04\/jest_program_hd.webp\" \/>\n\t<meta property=\"og:image:width\" content=\"1920\" \/>\n\t<meta property=\"og:image:height\" content=\"1080\" \/>\n\t<meta property=\"og:image:type\" content=\"image\/webp\" \/>\n<meta name=\"twitter:card\" content=\"summary_large_image\" \/>\n<meta name=\"twitter:label1\" content=\"Szacowany czas czytania\" \/>\n\t<meta name=\"twitter:data1\" content=\"2 minuty\" \/>\n<script type=\"application\/ld+json\" class=\"yoast-schema-graph\">{\"@context\":\"https:\/\/schema.org\",\"@graph\":[{\"@type\":\"WebPage\",\"@id\":\"https:\/\/nockultury.pl\/pl\/dobra-noc\/\",\"url\":\"https:\/\/nockultury.pl\/pl\/dobra-noc\/\",\"name\":\"Dobra noc\",\"isPartOf\":{\"@id\":\"https:\/\/nockultury.pl\/pl\/#website\"},\"datePublished\":\"2026-01-19T15:13:19+00:00\",\"dateModified\":\"2026-02-23T10:12:05+00:00\",\"description\":\"Ponownie pragniemy bli\u017cej przyjrze\u0107 si\u0119 jakiemu\u015b tematowi. Tym razem b\u0119d\u0105 to nocne ptaki.\",\"breadcrumb\":{\"@id\":\"https:\/\/nockultury.pl\/pl\/dobra-noc\/#breadcrumb\"},\"inLanguage\":\"pl-PL\",\"potentialAction\":[{\"@type\":\"ReadAction\",\"target\":[\"https:\/\/nockultury.pl\/pl\/dobra-noc\/\"]}]},{\"@type\":\"BreadcrumbList\",\"@id\":\"https:\/\/nockultury.pl\/pl\/dobra-noc\/#breadcrumb\",\"itemListElement\":[{\"@type\":\"ListItem\",\"position\":1,\"name\":\"Strona g\u0142\u00f3wna\",\"item\":\"https:\/\/nockultury.pl\/pl\/\"},{\"@type\":\"ListItem\",\"position\":2,\"name\":\"Dobra noc\"}]},{\"@type\":\"WebSite\",\"@id\":\"https:\/\/nockultury.pl\/pl\/#website\",\"url\":\"https:\/\/nockultury.pl\/pl\/\",\"name\":\"Noc Kultury\",\"description\":\"Lublin, Stare Miasto | wst\u0119p wolny\",\"publisher\":{\"@id\":\"https:\/\/nockultury.pl\/pl\/#organization\"},\"potentialAction\":[{\"@type\":\"SearchAction\",\"target\":{\"@type\":\"EntryPoint\",\"urlTemplate\":\"https:\/\/nockultury.pl\/pl\/?s={search_term_string}\"},\"query-input\":{\"@type\":\"PropertyValueSpecification\",\"valueRequired\":true,\"valueName\":\"search_term_string\"}}],\"inLanguage\":\"pl-PL\"},{\"@type\":\"Organization\",\"@id\":\"https:\/\/nockultury.pl\/pl\/#organization\",\"name\":\"Warsztaty Kultury w Lublinie\",\"url\":\"https:\/\/nockultury.pl\/pl\/\",\"logo\":{\"@type\":\"ImageObject\",\"inLanguage\":\"pl-PL\",\"@id\":\"https:\/\/nockultury.pl\/pl\/#\/schema\/logo\/image\/\",\"url\":\"https:\/\/nockultury.pl\/wp-content\/uploads\/2020\/03\/NOC-KULTURY-LOGO-170.jpg\",\"contentUrl\":\"https:\/\/nockultury.pl\/wp-content\/uploads\/2020\/03\/NOC-KULTURY-LOGO-170.jpg\",\"width\":170,\"height\":79,\"caption\":\"Warsztaty Kultury w Lublinie\"},\"image\":{\"@id\":\"https:\/\/nockultury.pl\/pl\/#\/schema\/logo\/image\/\"},\"sameAs\":[\"https:\/\/www.facebook.com\/NocKultury\/\",\"https:\/\/www.instagram.com\/nockultury\/\",\"https:\/\/www.youtube.com\/@videonockultury\"]}]}<\/script>\n<!-- \/ Yoast SEO plugin. -->","yoast_head_json":{"title":"Dobra noc","description":"Ponownie pragniemy bli\u017cej przyjrze\u0107 si\u0119 jakiemu\u015b tematowi. Tym razem b\u0119d\u0105 to nocne ptaki.","robots":{"index":"index","follow":"follow","max-snippet":"max-snippet:-1","max-image-preview":"max-image-preview:large","max-video-preview":"max-video-preview:-1"},"canonical":"https:\/\/nockultury.pl\/pl\/dobra-noc\/","og_locale":"pl_PL","og_type":"article","og_title":"Dobra noc","og_description":"Ponownie pragniemy bli\u017cej przyjrze\u0107 si\u0119 jakiemu\u015b tematowi. Tym razem b\u0119d\u0105 to nocne ptaki.","og_url":"https:\/\/nockultury.pl\/pl\/dobra-noc\/","og_site_name":"Noc Kultury","article_publisher":"https:\/\/www.facebook.com\/NocKultury\/","article_modified_time":"2026-02-23T10:12:05+00:00","og_image":[{"width":1920,"height":1080,"url":"https:\/\/nockultury.pl\/wp-content\/uploads\/2025\/04\/jest_program_hd.webp","type":"image\/webp"}],"twitter_card":"summary_large_image","twitter_misc":{"Szacowany czas czytania":"2 minuty"},"schema":{"@context":"https:\/\/schema.org","@graph":[{"@type":"WebPage","@id":"https:\/\/nockultury.pl\/pl\/dobra-noc\/","url":"https:\/\/nockultury.pl\/pl\/dobra-noc\/","name":"Dobra noc","isPartOf":{"@id":"https:\/\/nockultury.pl\/pl\/#website"},"datePublished":"2026-01-19T15:13:19+00:00","dateModified":"2026-02-23T10:12:05+00:00","description":"Ponownie pragniemy bli\u017cej przyjrze\u0107 si\u0119 jakiemu\u015b tematowi. Tym razem b\u0119d\u0105 to nocne ptaki.","breadcrumb":{"@id":"https:\/\/nockultury.pl\/pl\/dobra-noc\/#breadcrumb"},"inLanguage":"pl-PL","potentialAction":[{"@type":"ReadAction","target":["https:\/\/nockultury.pl\/pl\/dobra-noc\/"]}]},{"@type":"BreadcrumbList","@id":"https:\/\/nockultury.pl\/pl\/dobra-noc\/#breadcrumb","itemListElement":[{"@type":"ListItem","position":1,"name":"Strona g\u0142\u00f3wna","item":"https:\/\/nockultury.pl\/pl\/"},{"@type":"ListItem","position":2,"name":"Dobra noc"}]},{"@type":"WebSite","@id":"https:\/\/nockultury.pl\/pl\/#website","url":"https:\/\/nockultury.pl\/pl\/","name":"Noc Kultury","description":"Lublin, Stare Miasto | wst\u0119p wolny","publisher":{"@id":"https:\/\/nockultury.pl\/pl\/#organization"},"potentialAction":[{"@type":"SearchAction","target":{"@type":"EntryPoint","urlTemplate":"https:\/\/nockultury.pl\/pl\/?s={search_term_string}"},"query-input":{"@type":"PropertyValueSpecification","valueRequired":true,"valueName":"search_term_string"}}],"inLanguage":"pl-PL"},{"@type":"Organization","@id":"https:\/\/nockultury.pl\/pl\/#organization","name":"Warsztaty Kultury w Lublinie","url":"https:\/\/nockultury.pl\/pl\/","logo":{"@type":"ImageObject","inLanguage":"pl-PL","@id":"https:\/\/nockultury.pl\/pl\/#\/schema\/logo\/image\/","url":"https:\/\/nockultury.pl\/wp-content\/uploads\/2020\/03\/NOC-KULTURY-LOGO-170.jpg","contentUrl":"https:\/\/nockultury.pl\/wp-content\/uploads\/2020\/03\/NOC-KULTURY-LOGO-170.jpg","width":170,"height":79,"caption":"Warsztaty Kultury w Lublinie"},"image":{"@id":"https:\/\/nockultury.pl\/pl\/#\/schema\/logo\/image\/"},"sameAs":["https:\/\/www.facebook.com\/NocKultury\/","https:\/\/www.instagram.com\/nockultury\/","https:\/\/www.youtube.com\/@videonockultury"]}]}},"_links":{"self":[{"href":"https:\/\/nockultury.pl\/pl\/wp-json\/wp\/v2\/pages\/49819","targetHints":{"allow":["GET"]}}],"collection":[{"href":"https:\/\/nockultury.pl\/pl\/wp-json\/wp\/v2\/pages"}],"about":[{"href":"https:\/\/nockultury.pl\/pl\/wp-json\/wp\/v2\/types\/page"}],"author":[{"embeddable":true,"href":"https:\/\/nockultury.pl\/pl\/wp-json\/wp\/v2\/users\/8"}],"replies":[{"embeddable":true,"href":"https:\/\/nockultury.pl\/pl\/wp-json\/wp\/v2\/comments?post=49819"}],"version-history":[{"count":5,"href":"https:\/\/nockultury.pl\/pl\/wp-json\/wp\/v2\/pages\/49819\/revisions"}],"predecessor-version":[{"id":49958,"href":"https:\/\/nockultury.pl\/pl\/wp-json\/wp\/v2\/pages\/49819\/revisions\/49958"}],"wp:attachment":[{"href":"https:\/\/nockultury.pl\/pl\/wp-json\/wp\/v2\/media?parent=49819"}],"curies":[{"name":"wp","href":"https:\/\/api.w.org\/{rel}","templated":true}]}}