{"id":527,"date":"2020-03-25T07:32:58","date_gmt":"2020-03-25T06:32:58","guid":{"rendered":"https:\/\/nockultury.warsztatykultury.pl\/?page_id=527"},"modified":"2026-04-27T15:51:54","modified_gmt":"2026-04-27T13:51:54","slug":"twoj-program","status":"publish","type":"page","link":"https:\/\/nockultury.pl\/pl\/twoj-program\/","title":{"rendered":"Tw\u00f3j program Nocy Kultury"},"content":{"rendered":"<p><div class=\"fusion-fullwidth fullwidth-box fusion-builder-row-1 fusion-flex-container has-pattern-background has-mask-background nonhundred-percent-fullwidth non-hundred-percent-height-scrolling fusion-no-medium-visibility fusion-no-large-visibility\" style=\"--awb-border-radius-top-left:0px;--awb-border-radius-top-right:0px;--awb-border-radius-bottom-right:0px;--awb-border-radius-bottom-left:0px;--awb-padding-right:14px;--awb-padding-left:14px;--awb-padding-right-small:6px;--awb-padding-left-small:6px;--awb-margin-top:85%;--awb-margin-top-medium:85%;--awb-margin-top-small:85%;--awb-background-color:rgba(0,0,0,0);--awb-flex-wrap:wrap;\" ><div class=\"fusion-builder-row fusion-row fusion-flex-align-items-flex-start fusion-flex-content-wrap\" style=\"max-width:1996.8px;margin-left: calc(-4% \/ 2 );margin-right: calc(-4% \/ 2 );\"><div class=\"fusion-layout-column fusion_builder_column fusion-builder-column-0 fusion_builder_column_1_1 1_1 fusion-flex-column\" style=\"--awb-padding-right:62px;--awb-padding-bottom:5%;--awb-padding-left:87px;--awb-padding-right-small:3%;--awb-padding-left-small:3%;--awb-overflow:hidden;--awb-bg-color:rgba(0,0,0,0.75);--awb-bg-color-hover:rgba(0,0,0,0.75);--awb-bg-size:cover;--awb-box-shadow:2px 2px 10px 0px rgba(0,0,0,0.88);;--awb-border-radius:10px 10px 10px 10px;--awb-width-large:100%;--awb-margin-top-large:0px;--awb-spacing-right-large:1.92%;--awb-margin-bottom-large:0px;--awb-spacing-left-large:0%;--awb-width-medium:100%;--awb-order-medium:0;--awb-spacing-right-medium:1.92%;--awb-spacing-left-medium:0%;--awb-width-small:100%;--awb-order-small:0;--awb-spacing-right-small:1.92%;--awb-margin-bottom-small:3%;--awb-spacing-left-small:1.92%;\" data-scroll-devices=\"small-visibility,medium-visibility,large-visibility\"><div class=\"fusion-column-wrapper fusion-column-has-shadow fusion-flex-justify-content-flex-start fusion-content-layout-block\"><div class=\"fusion-text fusion-text-1\"><h1>Tw\u00f3j w\u0142asny program Nocy Kultury<\/h1>\n<p>Na stronie ka\u017cdego wydarzenia widocznego w <a href=\"https:\/\/nockultury.pl\/pl\/program-2024\" target=\"_blank\" rel=\"noopener\"><span style=\"text-decoration: underline;\">programie Nocy Kultury<\/span> <\/a>znajduje si\u0119 specjalny przycisk. Je\u015bli go klikniesz wydarzenie pojawi si\u0119 na tej stronie.<\/p>\n<p>Wa\u017cne uwagi:<\/p>\n<ul>\n<li>Pami\u0119taj aby zaakceptowa\u0107 pliki cookies. Je\u015bli tego nie zrobisz tworzenie programu nie b\u0119dzie dzia\u0142a\u0142o.<\/li>\n<li>Je\u015bli masz w\u0142\u0105czone wtyczki blokuj\u0105ce pliki cookies tworzenie programu mo\u017ce nie zadzia\u0142a\u0107.<\/li>\n<li>Je\u015bli zamkniesz przegl\u0105dark\u0119 lub usuniesz pliki cookies mo\u017cesz skasowa\u0107 przygotowany program. Nie zapomnij go zapisa\u0107 do pliku PDF albo wydrukowa\u0107!<\/li>\n<\/ul>\n<\/div><\/div><\/div><\/div><\/div><div class=\"fusion-fullwidth fullwidth-box fusion-builder-row-2 fusion-flex-container has-pattern-background has-mask-background nonhundred-percent-fullwidth non-hundred-percent-height-scrolling fusion-no-small-visibility\" style=\"--awb-border-radius-top-left:0px;--awb-border-radius-top-right:0px;--awb-border-radius-bottom-right:0px;--awb-border-radius-bottom-left:0px;--awb-padding-right:34px;--awb-padding-left:73px;--awb-padding-right-small:6px;--awb-padding-left-small:6px;--awb-margin-top:13%;--awb-margin-top-small:85%;--awb-background-color:rgba(0,0,0,0);--awb-flex-wrap:wrap;\" ><div class=\"fusion-builder-row fusion-row fusion-flex-align-items-flex-start fusion-flex-content-wrap\" style=\"max-width:1996.8px;margin-left: calc(-4% \/ 2 );margin-right: calc(-4% \/ 2 );\"><div class=\"fusion-layout-column fusion_builder_column fusion-builder-column-1 fusion_builder_column_1_1 1_1 fusion-flex-column\" style=\"--awb-padding-right:62px;--awb-padding-bottom:5%;--awb-padding-left:87px;--awb-padding-right-small:8%;--awb-padding-left-small:8%;--awb-overflow:hidden;--awb-bg-color:rgba(0,0,0,0.75);--awb-bg-color-hover:rgba(0,0,0,0.75);--awb-bg-size:cover;--awb-box-shadow:2px 2px 10px 0px rgba(0,0,0,0.88);;--awb-border-radius:10px 10px 10px 10px;--awb-width-large:100%;--awb-margin-top-large:0px;--awb-spacing-right-large:1.92%;--awb-margin-bottom-large:0px;--awb-spacing-left-large:0%;--awb-width-medium:100%;--awb-order-medium:0;--awb-spacing-right-medium:1.92%;--awb-spacing-left-medium:0%;--awb-width-small:100%;--awb-order-small:0;--awb-spacing-right-small:1.92%;--awb-margin-bottom-small:3%;--awb-spacing-left-small:1.92%;\" data-scroll-devices=\"small-visibility,medium-visibility,large-visibility\"><div class=\"fusion-column-wrapper fusion-column-has-shadow fusion-flex-justify-content-flex-start fusion-content-layout-block\"><div class=\"fusion-text fusion-text-2\"><h1>Tw\u00f3j w\u0142asny program Nocy Kultury<\/h1>\n<p>Na stronie ka\u017cdego wydarzenia widocznego w <a href=\"https:\/\/nockultury.pl\/pl\/program-2024\" target=\"_blank\" rel=\"noopener\"><span style=\"text-decoration: underline;\">programie Nocy Kultury<\/span> <\/a>znajduje si\u0119 specjalny przycisk. Je\u015bli go klikniesz wydarzenie pojawi si\u0119 na tej stronie.<\/p>\n<p>Wa\u017cne uwagi:<\/p>\n<ul>\n<li>Pami\u0119taj aby zaakceptowa\u0107 pliki cookies. Je\u015bli tego nie zrobisz tworzenie programu nie b\u0119dzie dzia\u0142a\u0142o.<\/li>\n<li>Je\u015bli masz w\u0142\u0105czone wtyczki blokuj\u0105ce pliki cookies tworzenie programu mo\u017ce nie zadzia\u0142a\u0107.<\/li>\n<li>Je\u015bli zamkniesz przegl\u0105dark\u0119 lub usuniesz pliki cookies mo\u017cesz skasowa\u0107 przygotowany program. Nie zapomnij go zapisa\u0107 do pliku PDF albo wydrukowa\u0107!<\/li>\n<\/ul>\n<\/div><\/div><\/div><\/div><\/div><div class=\"fusion-fullwidth fullwidth-box fusion-builder-row-3 fusion-flex-container has-pattern-background has-mask-background wlasny_program nonhundred-percent-fullwidth non-hundred-percent-height-scrolling fusion-no-small-visibility\" style=\"--awb-border-radius-top-left:0px;--awb-border-radius-top-right:0px;--awb-border-radius-bottom-right:0px;--awb-border-radius-bottom-left:0px;--awb-padding-right:34px;--awb-padding-left:73px;--awb-padding-right-small:1%;--awb-padding-left-small:1%;--awb-margin-top:2%;--awb-background-color:rgba(0,0,0,0);--awb-flex-wrap:wrap;\" ><div class=\"fusion-builder-row fusion-row fusion-flex-align-items-flex-start fusion-flex-content-wrap\" style=\"max-width:1996.8px;margin-left: calc(-4% \/ 2 );margin-right: calc(-4% \/ 2 );\"><div class=\"fusion-layout-column fusion_builder_column fusion-builder-column-2 fusion_builder_column_1_1 1_1 fusion-flex-column\" style=\"--awb-padding-right:62px;--awb-padding-bottom:5%;--awb-padding-left:87px;--awb-padding-right-small:8%;--awb-padding-left-small:8%;--awb-overflow:hidden;--awb-bg-color:rgba(0,0,0,0.75);--awb-bg-color-hover:rgba(0,0,0,0.75);--awb-bg-size:cover;--awb-box-shadow:2px 2px 10px 0px rgba(0,0,0,0.88);;--awb-border-radius:10px 10px 10px 10px;--awb-width-large:100%;--awb-margin-top-large:0px;--awb-spacing-right-large:1.92%;--awb-margin-bottom-large:0px;--awb-spacing-left-large:0%;--awb-width-medium:100%;--awb-order-medium:0;--awb-spacing-right-medium:1.92%;--awb-spacing-left-medium:0%;--awb-width-small:100%;--awb-order-small:0;--awb-spacing-right-small:1.92%;--awb-margin-bottom-small:3%;--awb-spacing-left-small:1.92%;\" data-scroll-devices=\"small-visibility,medium-visibility,large-visibility\"><div class=\"fusion-column-wrapper fusion-column-has-shadow fusion-flex-justify-content-flex-start fusion-content-layout-block\"><div class=\"fusion-title title fusion-title-1 fusion-sep-none fusion-title-text fusion-title-size-two\" style=\"--awb-margin-top:4%;\"><h2 class=\"fusion-title-heading title-heading-left fusion-responsive-typography-calculated\" style=\"margin:0;--fontSize:26;line-height:1.2;\">Noc Kultury, 7\/8 czerwca 2025- wybrane wydarzenia<\/h2><\/div><div class=\"fusion-text fusion-text-3\"><ol class=\"favorites-list \" data-userid=\"\" data-siteid=\"1\" data-includebuttons=\"false\" data-includelinks=\"true\" data-includethumbnails=\"false\" data-includeexcerpts=\"false\" data-thumbnailsize=\"thumbnail\" data-nofavoritestext=\"Nie wybra\u0142e\u015b \u017cadnych wydarze\u0144!\" data-posttypes=\"post,page,attachment,mec-events,reactive_builder,reactive_grid,reactive_layouts,reactive_category,reactive_map_marker,reactive_map_info,re_preview_popup,re_grid_shortcode,autosearch_template,slide\"><ol data-postid=\"0\" data-nofavorites class=\"no-favorites\">Nie wybra\u0142e\u015b \u017cadnych wydarze\u0144!<\/ol><\/ol>\n<\/div><div class=\"fusion-text fusion-text-4\"><p>Wybierz wydarzenia z <strong><a href=\"https:\/\/nockultury.pl\/pl\/program-2026\/\" target=\"_blank\" rel=\"noopener\"><span style=\"text-decoration: underline;\">Programu Nocy Kultury<\/span>.<\/a><\/strong><\/p>\n<\/div><\/div><\/div><\/div><\/div><div class=\"fusion-fullwidth fullwidth-box fusion-builder-row-4 fusion-flex-container has-pattern-background has-mask-background wlasny_program nonhundred-percent-fullwidth non-hundred-percent-height-scrolling fusion-no-medium-visibility fusion-no-large-visibility\" style=\"--awb-border-radius-top-left:0px;--awb-border-radius-top-right:0px;--awb-border-radius-bottom-right:0px;--awb-border-radius-bottom-left:0px;--awb-padding-right:14px;--awb-padding-left:14px;--awb-padding-right-medium:14px;--awb-padding-left-medium:14px;--awb-padding-right-small:14px;--awb-padding-left-small:14px;--awb-margin-top:2%;--awb-background-color:rgba(0,0,0,0);--awb-flex-wrap:wrap;\" ><div class=\"fusion-builder-row fusion-row fusion-flex-align-items-flex-start fusion-flex-content-wrap\" style=\"max-width:1996.8px;margin-left: calc(-4% \/ 2 );margin-right: calc(-4% \/ 2 );\"><div class=\"fusion-layout-column fusion_builder_column fusion-builder-column-3 fusion_builder_column_1_1 1_1 fusion-flex-column\" style=\"--awb-padding-right:62px;--awb-padding-bottom:5%;--awb-padding-left:87px;--awb-padding-right-small:8%;--awb-padding-left-small:8%;--awb-overflow:hidden;--awb-bg-color:rgba(0,0,0,0.75);--awb-bg-color-hover:rgba(0,0,0,0.75);--awb-bg-size:cover;--awb-box-shadow:2px 2px 10px 0px rgba(0,0,0,0.88);;--awb-border-radius:10px 10px 10px 10px;--awb-width-large:100%;--awb-margin-top-large:0px;--awb-spacing-right-large:1.92%;--awb-margin-bottom-large:0px;--awb-spacing-left-large:0%;--awb-width-medium:100%;--awb-order-medium:0;--awb-spacing-right-medium:1.92%;--awb-spacing-left-medium:0%;--awb-width-small:100%;--awb-order-small:0;--awb-spacing-right-small:1.92%;--awb-margin-bottom-small:3%;--awb-spacing-left-small:1.92%;\" data-scroll-devices=\"small-visibility,medium-visibility,large-visibility\"><div class=\"fusion-column-wrapper fusion-column-has-shadow fusion-flex-justify-content-flex-start fusion-content-layout-block\"><div class=\"fusion-title title fusion-title-2 fusion-sep-none fusion-title-text fusion-title-size-two\" style=\"--awb-margin-top:4%;\"><h2 class=\"fusion-title-heading title-heading-left fusion-responsive-typography-calculated\" style=\"margin:0;--fontSize:26;line-height:1.2;\">Noc Kultury, 7\/8 czerwca 2025- wybrane wydarzenia<\/h2><\/div><div class=\"fusion-text fusion-text-5\"><ol class=\"favorites-list \" data-userid=\"\" data-siteid=\"1\" data-includebuttons=\"false\" data-includelinks=\"true\" data-includethumbnails=\"false\" data-includeexcerpts=\"false\" data-thumbnailsize=\"thumbnail\" data-nofavoritestext=\"Nie wybra\u0142e\u015b \u017cadnych wydarze\u0144!\" data-posttypes=\"post,page,attachment,mec-events,reactive_builder,reactive_grid,reactive_layouts,reactive_category,reactive_map_marker,reactive_map_info,re_preview_popup,re_grid_shortcode,autosearch_template,slide\"><ol data-postid=\"0\" data-nofavorites class=\"no-favorites\">Nie wybra\u0142e\u015b \u017cadnych wydarze\u0144!<\/ol><\/ol>\n<\/div><div class=\"fusion-text fusion-text-6\"><p>Wybierz wydarzenia z <strong><a href=\"https:\/\/nockultury.pl\/pl\/program-2025\" target=\"_blank\" rel=\"noopener\"><span style=\"text-decoration: underline;\">Programu Nocy Kultury<\/span>.<\/a><\/strong><\/p>\n<\/div><\/div><\/div><\/div><\/div><div class=\"fusion-fullwidth fullwidth-box fusion-builder-row-5 fusion-flex-container has-pattern-background has-mask-background nonhundred-percent-fullwidth non-hundred-percent-height-scrolling fusion-no-small-visibility\" style=\"--awb-border-radius-top-left:0px;--awb-border-radius-top-right:0px;--awb-border-radius-bottom-right:0px;--awb-border-radius-bottom-left:0px;--awb-padding-right:34px;--awb-padding-left:73px;--awb-padding-right-small:1%;--awb-padding-left-small:1%;--awb-margin-top:2%;--awb-background-color:rgba(0,0,0,0);--awb-flex-wrap:wrap;\" ><div class=\"fusion-builder-row fusion-row fusion-flex-align-items-flex-start fusion-flex-content-wrap\" style=\"max-width:1996.8px;margin-left: calc(-4% \/ 2 );margin-right: calc(-4% \/ 2 );\"><div class=\"fusion-layout-column fusion_builder_column fusion-builder-column-4 fusion_builder_column_1_1 1_1 fusion-flex-column\" style=\"--awb-padding-right:62px;--awb-padding-bottom:8%;--awb-padding-left:87px;--awb-padding-right-small:8%;--awb-padding-left-small:8%;--awb-overflow:hidden;--awb-bg-color:rgba(0,0,0,0.75);--awb-bg-color-hover:rgba(0,0,0,0.75);--awb-bg-size:cover;--awb-box-shadow:2px 2px 10px 0px rgba(0,0,0,0.88);;--awb-border-radius:10px 10px 10px 10px;--awb-width-large:100%;--awb-margin-top-large:0px;--awb-spacing-right-large:1.92%;--awb-margin-bottom-large:4%;--awb-spacing-left-large:0%;--awb-width-medium:100%;--awb-order-medium:0;--awb-spacing-right-medium:1.92%;--awb-spacing-left-medium:0%;--awb-width-small:100%;--awb-order-small:0;--awb-spacing-right-small:1.92%;--awb-margin-bottom-small:3%;--awb-spacing-left-small:1.92%;\" data-scroll-devices=\"small-visibility,medium-visibility,large-visibility\"><div class=\"fusion-column-wrapper fusion-column-has-shadow fusion-flex-justify-content-flex-start fusion-content-layout-block\"><div class=\"fusion-title title fusion-title-3 fusion-sep-none fusion-title-text fusion-title-size-two\" style=\"--awb-margin-top:4%;\"><h2 class=\"fusion-title-heading title-heading-left fusion-responsive-typography-calculated\" style=\"margin:0;--fontSize:26;line-height:1.2;\">Wydrukuj \/ zapisz wybrane wydarzenia<\/h2><\/div><p><div class='printomatic pom-small-grey ' id='id3570' alt='Drukuj program | Pobierz PDF' title='Drukuj program | Pobierz PDF' data-print_target='.wlasny_program'><\/div> <div class='printomatictext' id='id3570' alt='Drukuj program | Pobierz PDF' title='Drukuj program | Pobierz PDF' data-print_target='.wlasny_program'>Drukuj program | Pobierz PDF<\/div><div style='clear: both;'><\/div><\/p><\/div><\/div><\/div><\/div><div class=\"fusion-fullwidth fullwidth-box fusion-builder-row-6 fusion-flex-container has-pattern-background has-mask-background nonhundred-percent-fullwidth non-hundred-percent-height-scrolling fusion-no-medium-visibility fusion-no-large-visibility\" style=\"--awb-border-radius-top-left:0px;--awb-border-radius-top-right:0px;--awb-border-radius-bottom-right:0px;--awb-border-radius-bottom-left:0px;--awb-padding-right:14px;--awb-padding-left:14px;--awb-padding-right-medium:14px;--awb-padding-left-medium:14px;--awb-padding-right-small:14px;--awb-padding-left-small:14px;--awb-margin-top:2%;--awb-background-color:rgba(0,0,0,0);--awb-flex-wrap:wrap;\" ><div class=\"fusion-builder-row fusion-row fusion-flex-align-items-flex-start fusion-flex-content-wrap\" style=\"max-width:1996.8px;margin-left: calc(-4% \/ 2 );margin-right: calc(-4% \/ 2 );\"><div class=\"fusion-layout-column fusion_builder_column fusion-builder-column-5 fusion_builder_column_1_1 1_1 fusion-flex-column\" style=\"--awb-padding-right:62px;--awb-padding-bottom:8%;--awb-padding-left:87px;--awb-padding-right-small:8%;--awb-padding-left-small:8%;--awb-overflow:hidden;--awb-bg-color:rgba(0,0,0,0.75);--awb-bg-color-hover:rgba(0,0,0,0.75);--awb-bg-size:cover;--awb-box-shadow:2px 2px 10px 0px rgba(0,0,0,0.88);;--awb-border-radius:10px 10px 10px 10px;--awb-width-large:100%;--awb-margin-top-large:0px;--awb-spacing-right-large:1.92%;--awb-margin-bottom-large:4%;--awb-spacing-left-large:0%;--awb-width-medium:100%;--awb-order-medium:0;--awb-spacing-right-medium:1.92%;--awb-spacing-left-medium:0%;--awb-width-small:100%;--awb-order-small:0;--awb-spacing-right-small:1.92%;--awb-margin-bottom-small:3%;--awb-spacing-left-small:1.92%;\" data-scroll-devices=\"small-visibility,medium-visibility,large-visibility\"><div class=\"fusion-column-wrapper fusion-column-has-shadow fusion-flex-justify-content-flex-start fusion-content-layout-block\"><div class=\"fusion-title title fusion-title-4 fusion-sep-none fusion-title-text fusion-title-size-two\" style=\"--awb-margin-top:4%;\"><h2 class=\"fusion-title-heading title-heading-left fusion-responsive-typography-calculated\" style=\"margin:0;--fontSize:26;line-height:1.2;\">Wydrukuj \/ zapisz wybrane wydarzenia<\/h2><\/div><p><div class='printomatic pom-small-grey ' id='id5103' alt='Drukuj program | Pobierz PDF' title='Drukuj program | Pobierz PDF' data-print_target='.wlasny_program'><\/div> <div class='printomatictext' id='id5103' alt='Drukuj program | Pobierz PDF' title='Drukuj program | Pobierz PDF' data-print_target='.wlasny_program'>Drukuj program | Pobierz PDF<\/div><div style='clear: both;'><\/div><\/p><\/div><\/div><\/div><\/div><\/p>\n","protected":false},"excerpt":{"rendered":"","protected":false},"author":1,"featured_media":0,"parent":0,"menu_order":0,"comment_status":"closed","ping_status":"closed","template":"","meta":{"_acf_changed":false,"ngg_post_thumbnail":0,"footnotes":""},"class_list":["post-527","page","type-page","status-publish","hentry"],"acf":[],"yoast_head":"<!-- This site is optimized with the Yoast SEO plugin v26.1.1 - https:\/\/yoast.com\/wordpress\/plugins\/seo\/ -->\n<title>Tw\u00f3j program Nocy Kultury - Noc Kultury<\/title>\n<meta name=\"robots\" content=\"index, follow, max-snippet:-1, max-image-preview:large, max-video-preview:-1\" \/>\n<link rel=\"canonical\" href=\"https:\/\/nockultury.pl\/pl\/twoj-program\/\" \/>\n<meta property=\"og:locale\" content=\"pl_PL\" \/>\n<meta property=\"og:type\" content=\"article\" \/>\n<meta property=\"og:title\" content=\"Tw\u00f3j program Nocy Kultury - Noc Kultury\" \/>\n<meta property=\"og:url\" content=\"https:\/\/nockultury.pl\/pl\/twoj-program\/\" \/>\n<meta property=\"og:site_name\" content=\"Noc Kultury\" \/>\n<meta property=\"article:publisher\" content=\"https:\/\/www.facebook.com\/NocKultury\/\" \/>\n<meta property=\"article:modified_time\" content=\"2026-04-27T13:51:54+00:00\" \/>\n<meta property=\"og:image\" content=\"https:\/\/nockultury.pl\/wp-content\/uploads\/2026\/04\/666909448_952682540483720_5385792266393922546_n-1.jpg\" \/>\n\t<meta property=\"og:image:width\" content=\"2048\" \/>\n\t<meta property=\"og:image:height\" content=\"1072\" \/>\n\t<meta property=\"og:image:type\" content=\"image\/jpeg\" \/>\n<meta name=\"twitter:card\" content=\"summary_large_image\" \/>\n<meta name=\"twitter:label1\" content=\"Szacowany czas czytania\" \/>\n\t<meta name=\"twitter:data1\" content=\"2 minuty\" \/>\n<script type=\"application\/ld+json\" class=\"yoast-schema-graph\">{\"@context\":\"https:\/\/schema.org\",\"@graph\":[{\"@type\":\"WebPage\",\"@id\":\"https:\/\/nockultury.pl\/pl\/twoj-program\/\",\"url\":\"https:\/\/nockultury.pl\/pl\/twoj-program\/\",\"name\":\"Tw\u00f3j program Nocy Kultury - Noc Kultury\",\"isPartOf\":{\"@id\":\"https:\/\/nockultury.pl\/pl\/#website\"},\"datePublished\":\"2020-03-25T06:32:58+00:00\",\"dateModified\":\"2026-04-27T13:51:54+00:00\",\"breadcrumb\":{\"@id\":\"https:\/\/nockultury.pl\/pl\/twoj-program\/#breadcrumb\"},\"inLanguage\":\"pl-PL\",\"potentialAction\":[{\"@type\":\"ReadAction\",\"target\":[\"https:\/\/nockultury.pl\/pl\/twoj-program\/\"]}]},{\"@type\":\"BreadcrumbList\",\"@id\":\"https:\/\/nockultury.pl\/pl\/twoj-program\/#breadcrumb\",\"itemListElement\":[{\"@type\":\"ListItem\",\"position\":1,\"name\":\"Strona g\u0142\u00f3wna\",\"item\":\"https:\/\/nockultury.pl\/pl\/\"},{\"@type\":\"ListItem\",\"position\":2,\"name\":\"Tw\u00f3j program Nocy Kultury\"}]},{\"@type\":\"WebSite\",\"@id\":\"https:\/\/nockultury.pl\/pl\/#website\",\"url\":\"https:\/\/nockultury.pl\/pl\/\",\"name\":\"Noc Kultury\",\"description\":\"Lublin, Stare Miasto | wst\u0119p wolny\",\"publisher\":{\"@id\":\"https:\/\/nockultury.pl\/pl\/#organization\"},\"potentialAction\":[{\"@type\":\"SearchAction\",\"target\":{\"@type\":\"EntryPoint\",\"urlTemplate\":\"https:\/\/nockultury.pl\/pl\/?s={search_term_string}\"},\"query-input\":{\"@type\":\"PropertyValueSpecification\",\"valueRequired\":true,\"valueName\":\"search_term_string\"}}],\"inLanguage\":\"pl-PL\"},{\"@type\":\"Organization\",\"@id\":\"https:\/\/nockultury.pl\/pl\/#organization\",\"name\":\"Warsztaty Kultury w Lublinie\",\"url\":\"https:\/\/nockultury.pl\/pl\/\",\"logo\":{\"@type\":\"ImageObject\",\"inLanguage\":\"pl-PL\",\"@id\":\"https:\/\/nockultury.pl\/pl\/#\/schema\/logo\/image\/\",\"url\":\"https:\/\/nockultury.pl\/wp-content\/uploads\/2020\/03\/NOC-KULTURY-LOGO-170.jpg\",\"contentUrl\":\"https:\/\/nockultury.pl\/wp-content\/uploads\/2020\/03\/NOC-KULTURY-LOGO-170.jpg\",\"width\":170,\"height\":79,\"caption\":\"Warsztaty Kultury w Lublinie\"},\"image\":{\"@id\":\"https:\/\/nockultury.pl\/pl\/#\/schema\/logo\/image\/\"},\"sameAs\":[\"https:\/\/www.facebook.com\/NocKultury\/\",\"https:\/\/www.instagram.com\/nockultury\/\",\"https:\/\/www.youtube.com\/@videonockultury\"]}]}<\/script>\n<!-- \/ Yoast SEO plugin. -->","yoast_head_json":{"title":"Tw\u00f3j program Nocy Kultury - Noc Kultury","robots":{"index":"index","follow":"follow","max-snippet":"max-snippet:-1","max-image-preview":"max-image-preview:large","max-video-preview":"max-video-preview:-1"},"canonical":"https:\/\/nockultury.pl\/pl\/twoj-program\/","og_locale":"pl_PL","og_type":"article","og_title":"Tw\u00f3j program Nocy Kultury - Noc Kultury","og_url":"https:\/\/nockultury.pl\/pl\/twoj-program\/","og_site_name":"Noc Kultury","article_publisher":"https:\/\/www.facebook.com\/NocKultury\/","article_modified_time":"2026-04-27T13:51:54+00:00","og_image":[{"width":2048,"height":1072,"url":"https:\/\/nockultury.pl\/wp-content\/uploads\/2026\/04\/666909448_952682540483720_5385792266393922546_n-1.jpg","type":"image\/jpeg"}],"twitter_card":"summary_large_image","twitter_misc":{"Szacowany czas czytania":"2 minuty"},"schema":{"@context":"https:\/\/schema.org","@graph":[{"@type":"WebPage","@id":"https:\/\/nockultury.pl\/pl\/twoj-program\/","url":"https:\/\/nockultury.pl\/pl\/twoj-program\/","name":"Tw\u00f3j program Nocy Kultury - Noc Kultury","isPartOf":{"@id":"https:\/\/nockultury.pl\/pl\/#website"},"datePublished":"2020-03-25T06:32:58+00:00","dateModified":"2026-04-27T13:51:54+00:00","breadcrumb":{"@id":"https:\/\/nockultury.pl\/pl\/twoj-program\/#breadcrumb"},"inLanguage":"pl-PL","potentialAction":[{"@type":"ReadAction","target":["https:\/\/nockultury.pl\/pl\/twoj-program\/"]}]},{"@type":"BreadcrumbList","@id":"https:\/\/nockultury.pl\/pl\/twoj-program\/#breadcrumb","itemListElement":[{"@type":"ListItem","position":1,"name":"Strona g\u0142\u00f3wna","item":"https:\/\/nockultury.pl\/pl\/"},{"@type":"ListItem","position":2,"name":"Tw\u00f3j program Nocy Kultury"}]},{"@type":"WebSite","@id":"https:\/\/nockultury.pl\/pl\/#website","url":"https:\/\/nockultury.pl\/pl\/","name":"Noc Kultury","description":"Lublin, Stare Miasto | wst\u0119p wolny","publisher":{"@id":"https:\/\/nockultury.pl\/pl\/#organization"},"potentialAction":[{"@type":"SearchAction","target":{"@type":"EntryPoint","urlTemplate":"https:\/\/nockultury.pl\/pl\/?s={search_term_string}"},"query-input":{"@type":"PropertyValueSpecification","valueRequired":true,"valueName":"search_term_string"}}],"inLanguage":"pl-PL"},{"@type":"Organization","@id":"https:\/\/nockultury.pl\/pl\/#organization","name":"Warsztaty Kultury w Lublinie","url":"https:\/\/nockultury.pl\/pl\/","logo":{"@type":"ImageObject","inLanguage":"pl-PL","@id":"https:\/\/nockultury.pl\/pl\/#\/schema\/logo\/image\/","url":"https:\/\/nockultury.pl\/wp-content\/uploads\/2020\/03\/NOC-KULTURY-LOGO-170.jpg","contentUrl":"https:\/\/nockultury.pl\/wp-content\/uploads\/2020\/03\/NOC-KULTURY-LOGO-170.jpg","width":170,"height":79,"caption":"Warsztaty Kultury w Lublinie"},"image":{"@id":"https:\/\/nockultury.pl\/pl\/#\/schema\/logo\/image\/"},"sameAs":["https:\/\/www.facebook.com\/NocKultury\/","https:\/\/www.instagram.com\/nockultury\/","https:\/\/www.youtube.com\/@videonockultury"]}]}},"_links":{"self":[{"href":"https:\/\/nockultury.pl\/pl\/wp-json\/wp\/v2\/pages\/527","targetHints":{"allow":["GET"]}}],"collection":[{"href":"https:\/\/nockultury.pl\/pl\/wp-json\/wp\/v2\/pages"}],"about":[{"href":"https:\/\/nockultury.pl\/pl\/wp-json\/wp\/v2\/types\/page"}],"author":[{"embeddable":true,"href":"https:\/\/nockultury.pl\/pl\/wp-json\/wp\/v2\/users\/1"}],"replies":[{"embeddable":true,"href":"https:\/\/nockultury.pl\/pl\/wp-json\/wp\/v2\/comments?post=527"}],"version-history":[{"count":9,"href":"https:\/\/nockultury.pl\/pl\/wp-json\/wp\/v2\/pages\/527\/revisions"}],"predecessor-version":[{"id":50558,"href":"https:\/\/nockultury.pl\/pl\/wp-json\/wp\/v2\/pages\/527\/revisions\/50558"}],"wp:attachment":[{"href":"https:\/\/nockultury.pl\/pl\/wp-json\/wp\/v2\/media?parent=527"}],"curies":[{"name":"wp","href":"https:\/\/api.w.org\/{rel}","templated":true}]}}